{"id":16017,"date":"2022-07-04T09:07:56","date_gmt":"2022-07-04T07:07:56","guid":{"rendered":"https:\/\/www.insurlab.eu\/?page_id=16017"},"modified":"2025-06-05T09:37:25","modified_gmt":"2025-06-05T07:37:25","slug":"insurenxt","status":"publish","type":"page","link":"https:\/\/insurlab-germany.com\/de\/wertangebot\/insurenxt\/","title":{"rendered":"insureNXT"},"content":{"rendered":"<p>[et_pb_section fb_built=&#8221;1&#8243; fullwidth=&#8221;on&#8221; _builder_version=&#8221;4.17.4&#8243; _module_preset=&#8221;e10bf903-6d02-442c-80fc-07620cd52979&#8243; background_image=&#8221;https:\/\/insurlab-germany.com\/wp-content\/uploads\/2022\/06\/insureNXT_2022_9.jpg&#8221; background_size=&#8221;custom&#8221; background_image_width=&#8221;57%&#8221; background_position=&#8221;center_right&#8221; global_colors_info=&#8221;{}&#8221;][et_pb_fullwidth_header title=&#8221;insureNXT&#8221; _builder_version=&#8221;4.17.4&#8243; _module_preset=&#8221;default&#8221; title_font=&#8221;|600||on|||||&#8221; background_enable_color=&#8221;off&#8221; background_image=&#8221;https:\/\/insurlab-germany.com\/wp-content\/uploads\/2022\/06\/InsurLab-header-layer.png&#8221; global_colors_info=&#8221;{}&#8221;][\/et_pb_fullwidth_header][\/et_pb_section][et_pb_section fb_built=&#8221;1&#8243; _builder_version=&#8221;4.17.4&#8243; _module_preset=&#8221;default&#8221; min_height=&#8221;784.3px&#8221; custom_margin=&#8221;||-97px|||&#8221; global_colors_info=&#8221;{}&#8221;][et_pb_row _builder_version=&#8221;4.17.4&#8243; _module_preset=&#8221;default&#8221; global_colors_info=&#8221;{}&#8221;][et_pb_column type=&#8221;4_4&#8243; _builder_version=&#8221;4.17.4&#8243; _module_preset=&#8221;default&#8221; global_colors_info=&#8221;{}&#8221;][et_pb_text _builder_version=&#8221;4.17.4&#8243; _module_preset=&#8221;69b8b9cd-3a3c-4327-b867-c8ccc94aa8cb&#8221; locked=&#8221;off&#8221; global_colors_info=&#8221;{}&#8221;]<\/p>\n<h2><strong>DIE INTERNATIONALE KONGRESSMESSE F\u00dcR INNOVATION IN DER VERSICHERUNGSWIRTSCHAFT<\/strong><\/h2>\n<p>[\/et_pb_text][\/et_pb_column][\/et_pb_row][et_pb_row _builder_version=&#8221;4.21.0&#8243; _module_preset=&#8221;default&#8221; global_colors_info=&#8221;{}&#8221;][et_pb_column type=&#8221;4_4&#8243; _builder_version=&#8221;4.17.4&#8243; _module_preset=&#8221;default&#8221; global_colors_info=&#8221;{}&#8221;][et_pb_text _builder_version=&#8221;4.27.4&#8243; _module_preset=&#8221;default&#8221; global_colors_info=&#8221;{}&#8221;]<\/p>\n<p>Wie sieht die n\u00e4here Zukunft der Versicherungsindustrie konkret aus? <span>Was sind die neuesten Trends und Entwicklungen der Branche? Antworten auf diese Fragen bietet die <\/span><a href=\"https:\/\/insurenxt.com\/\">insureNXT<\/a>! Die internationale Kongressmesse f\u00fcr Innovation in der Versicherungswirtschaft &#8211; eine\u00a0gemeinsame Veranstaltung von InsurLab Germany und Koelnmesse &#8211; ist <span style=\"text-decoration: underline;\">der<\/span> Treffpunkt f\u00fcr Innovationsbegeisterte der Branche. Gemeinsam mit Versicherern, Start-ups und Scale-ups, Hochschulen, f\u00fchrenden Dienstleistern und branchen\u00fcbergreifenden Partnern wollen wir den Weg f\u00fcr eine neue Generation von Versicherungsprodukten, innovativen Services und neuen Gesch\u00e4ftsmodellen ebnen.<\/p>\n<p><strong>Die n\u00e4chste insureNXT findet am 20. &amp; 21. Mai 2026 in K\u00f6ln statt.<\/strong><\/p>\n<p>[\/et_pb_text][\/et_pb_column][\/et_pb_row][et_pb_row _builder_version=&#8221;4.22.2&#8243; _module_preset=&#8221;default&#8221; global_colors_info=&#8221;{}&#8221;][et_pb_column type=&#8221;4_4&#8243; _builder_version=&#8221;4.22.2&#8243; _module_preset=&#8221;default&#8221; global_colors_info=&#8221;{}&#8221;][et_pb_button button_url=&#8221;https:\/\/insurenxt.com\/&#8221; button_text=&#8221;Mehr \u00fcber die insureNXT erfahren&#8221; button_alignment=&#8221;center&#8221; _builder_version=&#8221;4.25.2&#8243; _module_preset=&#8221;default&#8221; custom_button=&#8221;on&#8221; button_text_size=&#8221;18px&#8221; button_text_color=&#8221;#FFFFFF&#8221; button_bg_color=&#8221;#01575e&#8221; button_use_icon=&#8221;off&#8221; global_colors_info=&#8221;{}&#8221; button_bg_color__hover_enabled=&#8221;on|hover&#8221; button_bg_color__hover=&#8221;#27b5be&#8221; button_bg_enable_color__hover=&#8221;on&#8221;][\/et_pb_button][\/et_pb_column][\/et_pb_row][et_pb_row _builder_version=&#8221;4.25.2&#8243; _module_preset=&#8221;default&#8221; global_colors_info=&#8221;{}&#8221;][et_pb_column type=&#8221;4_4&#8243; _builder_version=&#8221;4.17.4&#8243; _module_preset=&#8221;default&#8221; global_colors_info=&#8221;{}&#8221;][et_pb_countdown_timer title=&#8221;Der Countdown l\u00e4uft!&#8221; date_time=&#8221;2026-05-20 09:30&#8243; _builder_version=&#8221;4.27.4&#8243; _module_preset=&#8221;default&#8221; background_color=&#8221;#27b5be&#8221; global_colors_info=&#8221;{}&#8221;][\/et_pb_countdown_timer][\/et_pb_column][\/et_pb_row][\/et_pb_section][et_pb_section fb_built=&#8221;1&#8243; _builder_version=&#8221;4.27.4&#8243; _module_preset=&#8221;default&#8221; locked=&#8221;off&#8221; global_colors_info=&#8221;{}&#8221;][et_pb_row column_structure=&#8221;2_3,1_3&#8243; _builder_version=&#8221;4.17.4&#8243; _module_preset=&#8221;default&#8221; global_colors_info=&#8221;{}&#8221;][et_pb_column type=&#8221;2_3&#8243; _builder_version=&#8221;4.17.4&#8243; _module_preset=&#8221;default&#8221; global_colors_info=&#8221;{}&#8221;][et_pb_text _builder_version=&#8221;4.27.4&#8243; _module_preset=&#8221;default&#8221; global_colors_info=&#8221;{}&#8221;]<\/p>\n<h2><span style=\"color: #01575e;\"><strong>R\u00fcckblick: Das war die insureNXT 2025<\/strong><\/span><\/h2>\n<p>[\/et_pb_text][et_pb_text _builder_version=&#8221;4.27.4&#8243; _module_preset=&#8221;default&#8221; custom_padding=&#8221;||6px|||&#8221; global_colors_info=&#8221;{}&#8221;]<\/p>\n<p data-start=\"249\" data-end=\"958\">Rund 3.500 Teilnahmen, ein starkes Partnernetzwerk und ein hochwertiges Programm mit praxisnahen Panels und vision\u00e4ren Keynotes: Die insureNXT 2025 hat ihre Rolle als zentrale Innovationsmesse der Versicherungswirtschaft weiter gefestigt. Bei der Verleihung des insureNXT Innovators Award \u00fcberzeugten Exploris Health, 7Analytics &amp; Fremtind sowie GarantieHeld mit ihren zukunftsweisenden L\u00f6sungen. Thematisch im Fokus standen drei strategische Hebel f\u00fcr die Branche: das Potenzial K\u00fcnstlicher Intelligenz, neue Wachstumsstrategien durch Plattformmodelle und Embedded Insurance sowie die gezielte Skalierung von Innovationsf\u00e4higkeit \u2013 etwa \u00fcber Corporate Venture Capital und branchen\u00fcbergreifende Kooperationen.<\/p>\n<p data-start=\"960\" data-end=\"1220\">Mit klaren Impulsen, vielf\u00e4ltigem Austausch und einer inspirierenden Atmosph\u00e4re im neuen Confex hat die insureNXT 2025 gezeigt, wie Innovationskraft, Dialog und Umsetzung zusammenwirken \u2013 und damit erneut Ma\u00dfst\u00e4be f\u00fcr die Zukunftsf\u00e4higkeit der Branche gesetzt.<\/p>\n<p>[\/et_pb_text][\/et_pb_column][et_pb_column type=&#8221;1_3&#8243; _builder_version=&#8221;4.17.4&#8243; _module_preset=&#8221;default&#8221; global_colors_info=&#8221;{}&#8221;][et_pb_image src=&#8221;https:\/\/insurlab-germany.com\/wp-content\/uploads\/2025\/06\/PXL_20250513_1422066013-1-scaled.jpg&#8221; title_text=&#8221;PXL_20250513_142206601~3 (1)&#8221; _builder_version=&#8221;4.27.4&#8243; _module_preset=&#8221;default&#8221; custom_margin=&#8221;70px||||false|false&#8221; global_colors_info=&#8221;{}&#8221;][\/et_pb_image][\/et_pb_column][\/et_pb_row][et_pb_row column_structure=&#8221;1_4,1_4,1_4,1_4&#8243; _builder_version=&#8221;4.17.4&#8243; _module_preset=&#8221;default&#8221; global_colors_info=&#8221;{}&#8221;][et_pb_column type=&#8221;1_4&#8243; _builder_version=&#8221;4.17.4&#8243; _module_preset=&#8221;default&#8221; global_colors_info=&#8221;{}&#8221;][et_pb_number_counter title=&#8221;Teilnahmen&#8221; number=&#8221;3500&#8243; percent_sign=&#8221;off&#8221; _builder_version=&#8221;4.27.4&#8243; _module_preset=&#8221;default&#8221; global_colors_info=&#8221;{}&#8221;][\/et_pb_number_counter][\/et_pb_column][et_pb_column type=&#8221;1_4&#8243; _builder_version=&#8221;4.17.4&#8243; _module_preset=&#8221;default&#8221; global_colors_info=&#8221;{}&#8221;][et_pb_number_counter title=&#8221;Top-Referent:innen&#8221; number=&#8221;200&#8243; percent_sign=&#8221;off&#8221; _builder_version=&#8221;4.27.4&#8243; _module_preset=&#8221;default&#8221; global_colors_info=&#8221;{}&#8221;][\/et_pb_number_counter][\/et_pb_column][et_pb_column type=&#8221;1_4&#8243; _builder_version=&#8221;4.17.4&#8243; _module_preset=&#8221;default&#8221; global_colors_info=&#8221;{}&#8221;][et_pb_number_counter title=&#8221;Aussteller:innen und Partner:innen&#8221; number=&#8221;160&#8243; percent_sign=&#8221;off&#8221; _builder_version=&#8221;4.27.4&#8243; _module_preset=&#8221;default&#8221; global_colors_info=&#8221;{}&#8221;][\/et_pb_number_counter][\/et_pb_column][et_pb_column type=&#8221;1_4&#8243; _builder_version=&#8221;4.17.4&#8243; _module_preset=&#8221;default&#8221; global_colors_info=&#8221;{}&#8221;][et_pb_number_counter title=&#8221;Award-Gewinner:innen&#8221; number=&#8221;3&#8243; percent_sign=&#8221;off&#8221; _builder_version=&#8221;4.27.4&#8243; _module_preset=&#8221;default&#8221; global_colors_info=&#8221;{}&#8221;][\/et_pb_number_counter][\/et_pb_column][\/et_pb_row][et_pb_row _builder_version=&#8221;4.27.4&#8243; _module_preset=&#8221;default&#8221; global_colors_info=&#8221;{}&#8221;][et_pb_column type=&#8221;4_4&#8243; _builder_version=&#8221;4.27.4&#8243; _module_preset=&#8221;default&#8221; global_colors_info=&#8221;{}&#8221;][et_pb_gallery gallery_ids=&#8221;25532,25533,25534,25535,25536,25537,25538,25539,25540,25541,25542,25543,25544,25545,25546,25547&#8243; gallery_orderby=&#8221;rand&#8221; show_title_and_caption=&#8221;off&#8221; _builder_version=&#8221;4.27.4&#8243; _module_preset=&#8221;default&#8221; hover_enabled=&#8221;0&#8243; global_colors_info=&#8221;{}&#8221; sticky_enabled=&#8221;0&#8243;][\/et_pb_gallery][\/et_pb_column][\/et_pb_row][\/et_pb_section]<\/p>\n","protected":false},"excerpt":{"rendered":"<p>DIE INTERNATIONALE KONGRESSMESSE F\u00dcR INNOVATION IN DER VERSICHERUNGSWIRTSCHAFTWie sieht die n\u00e4here Zukunft der Versicherungsindustrie konkret aus? Was sind die neuesten Trends und Entwicklungen der Branche? Antworten auf diese Fragen bietet die insureNXT! Die internationale Kongressmesse f\u00fcr Innovation in der Versicherungswirtschaft &#8211; eine\u00a0gemeinsame Veranstaltung von InsurLab Germany und Koelnmesse &#8211; ist der Treffpunkt f\u00fcr Innovationsbegeisterte der [&hellip;]<\/p>\n","protected":false},"author":1,"featured_media":0,"parent":11832,"menu_order":0,"comment_status":"closed","ping_status":"closed","template":"","meta":{"_et_pb_use_builder":"on","_et_pb_old_content":"","_et_gb_content_width":"","content-type":"","footnotes":""},"class_list":["post-16017","page","type-page","status-publish","hentry"],"yoast_head":"<!-- This site is optimized with the Yoast SEO plugin v27.4 - https:\/\/yoast.com\/product\/yoast-seo-wordpress\/ -->\n<title>insureNXT - InsurLab Germany<\/title>\n<meta name=\"description\" content=\"insureNXT ist die internationale Kongressmesse f\u00fcr Digitalisierung &amp; Innovation in der Versicherungsbranche und vernetzt s\u00e4mtliche Beteiligte.\" \/>\n<meta name=\"robots\" content=\"index, follow, max-snippet:-1, max-image-preview:large, max-video-preview:-1\" \/>\n<link rel=\"canonical\" href=\"https:\/\/insurlab-germany.com\/de\/wertangebot\/insurenxt\/\" \/>\n<meta property=\"og:locale\" content=\"de_DE\" \/>\n<meta property=\"og:type\" content=\"article\" \/>\n<meta property=\"og:title\" content=\"insureNXT - InsurLab Germany\" \/>\n<meta property=\"og:description\" content=\"insureNXT ist die internationale Kongressmesse f\u00fcr Digitalisierung &amp; Innovation in der Versicherungsbranche und vernetzt s\u00e4mtliche Beteiligte.\" \/>\n<meta property=\"og:url\" content=\"https:\/\/insurlab-germany.com\/de\/wertangebot\/insurenxt\/\" \/>\n<meta property=\"og:site_name\" content=\"InsurLab Germany\" \/>\n<meta property=\"article:publisher\" content=\"https:\/\/www.facebook.com\/InsurLabGermany\/\" \/>\n<meta property=\"article:modified_time\" content=\"2025-06-05T07:37:25+00:00\" \/>\n<meta name=\"twitter:card\" content=\"summary_large_image\" \/>\n<meta name=\"twitter:site\" content=\"@InsurLabDE\" \/>\n<meta name=\"twitter:label1\" content=\"Gesch\u00e4tzte Lesezeit\" \/>\n\t<meta name=\"twitter:data1\" content=\"4\u00a0Minuten\" \/>\n<script type=\"application\/ld+json\" class=\"yoast-schema-graph\">{\"@context\":\"https:\\\/\\\/schema.org\",\"@graph\":[{\"@type\":\"WebPage\",\"@id\":\"https:\\\/\\\/insurlab-germany.com\\\/wertangebot\\\/insurenxt\\\/\",\"url\":\"https:\\\/\\\/insurlab-germany.com\\\/wertangebot\\\/insurenxt\\\/\",\"name\":\"insureNXT - InsurLab Germany\",\"isPartOf\":{\"@id\":\"https:\\\/\\\/insurlab-germany.com\\\/#website\"},\"datePublished\":\"2022-07-04T07:07:56+00:00\",\"dateModified\":\"2025-06-05T07:37:25+00:00\",\"description\":\"insureNXT ist die internationale Kongressmesse f\u00fcr Digitalisierung & Innovation in der Versicherungsbranche und vernetzt s\u00e4mtliche Beteiligte.\",\"breadcrumb\":{\"@id\":\"https:\\\/\\\/insurlab-germany.com\\\/wertangebot\\\/insurenxt\\\/#breadcrumb\"},\"inLanguage\":\"de\",\"potentialAction\":[{\"@type\":\"ReadAction\",\"target\":[\"https:\\\/\\\/insurlab-germany.com\\\/wertangebot\\\/insurenxt\\\/\"]}]},{\"@type\":\"BreadcrumbList\",\"@id\":\"https:\\\/\\\/insurlab-germany.com\\\/wertangebot\\\/insurenxt\\\/#breadcrumb\",\"itemListElement\":[{\"@type\":\"ListItem\",\"position\":1,\"name\":\"Startseite\",\"item\":\"https:\\\/\\\/insurlab-germany.com\\\/de\\\/\"},{\"@type\":\"ListItem\",\"position\":2,\"name\":\"Wertangebot\",\"item\":\"https:\\\/\\\/insurlab-germany.com\\\/wertangebot\\\/\"},{\"@type\":\"ListItem\",\"position\":3,\"name\":\"insureNXT\"}]},{\"@type\":\"WebSite\",\"@id\":\"https:\\\/\\\/insurlab-germany.com\\\/#website\",\"url\":\"https:\\\/\\\/insurlab-germany.com\\\/\",\"name\":\"InsurLab Germany\",\"description\":\"Let&#039;s #InnovateInsurance!\",\"publisher\":{\"@id\":\"https:\\\/\\\/insurlab-germany.com\\\/#organization\"},\"potentialAction\":[{\"@type\":\"SearchAction\",\"target\":{\"@type\":\"EntryPoint\",\"urlTemplate\":\"https:\\\/\\\/insurlab-germany.com\\\/?s={search_term_string}\"},\"query-input\":{\"@type\":\"PropertyValueSpecification\",\"valueRequired\":true,\"valueName\":\"search_term_string\"}}],\"inLanguage\":\"de\"},{\"@type\":\"Organization\",\"@id\":\"https:\\\/\\\/insurlab-germany.com\\\/#organization\",\"name\":\"InsurLab Germany\",\"url\":\"https:\\\/\\\/insurlab-germany.com\\\/\",\"logo\":{\"@type\":\"ImageObject\",\"inLanguage\":\"de\",\"@id\":\"https:\\\/\\\/insurlab-germany.com\\\/#\\\/schema\\\/logo\\\/image\\\/\",\"url\":\"https:\\\/\\\/insurlab-germany.com\\\/wp-content\\\/uploads\\\/2022\\\/03\\\/website_logo_ohnelink.png\",\"contentUrl\":\"https:\\\/\\\/insurlab-germany.com\\\/wp-content\\\/uploads\\\/2022\\\/03\\\/website_logo_ohnelink.png\",\"width\":640,\"height\":245,\"caption\":\"InsurLab Germany\"},\"image\":{\"@id\":\"https:\\\/\\\/insurlab-germany.com\\\/#\\\/schema\\\/logo\\\/image\\\/\"},\"sameAs\":[\"https:\\\/\\\/www.facebook.com\\\/InsurLabGermany\\\/\",\"https:\\\/\\\/x.com\\\/InsurLabDE\",\"https:\\\/\\\/www.instagram.com\\\/insurlab_germany\\\/\",\"https:\\\/\\\/www.linkedin.com\\\/company\\\/insurlab-germany-e-v\"]}]}<\/script>\n<!-- \/ Yoast SEO plugin. -->","yoast_head_json":{"title":"insureNXT - InsurLab Germany","description":"insureNXT ist die internationale Kongressmesse f\u00fcr Digitalisierung & Innovation in der Versicherungsbranche und vernetzt s\u00e4mtliche Beteiligte.","robots":{"index":"index","follow":"follow","max-snippet":"max-snippet:-1","max-image-preview":"max-image-preview:large","max-video-preview":"max-video-preview:-1"},"canonical":"https:\/\/insurlab-germany.com\/de\/wertangebot\/insurenxt\/","og_locale":"de_DE","og_type":"article","og_title":"insureNXT - InsurLab Germany","og_description":"insureNXT ist die internationale Kongressmesse f\u00fcr Digitalisierung & Innovation in der Versicherungsbranche und vernetzt s\u00e4mtliche Beteiligte.","og_url":"https:\/\/insurlab-germany.com\/de\/wertangebot\/insurenxt\/","og_site_name":"InsurLab Germany","article_publisher":"https:\/\/www.facebook.com\/InsurLabGermany\/","article_modified_time":"2025-06-05T07:37:25+00:00","twitter_card":"summary_large_image","twitter_site":"@InsurLabDE","twitter_misc":{"Gesch\u00e4tzte Lesezeit":"4\u00a0Minuten"},"schema":{"@context":"https:\/\/schema.org","@graph":[{"@type":"WebPage","@id":"https:\/\/insurlab-germany.com\/wertangebot\/insurenxt\/","url":"https:\/\/insurlab-germany.com\/wertangebot\/insurenxt\/","name":"insureNXT - InsurLab Germany","isPartOf":{"@id":"https:\/\/insurlab-germany.com\/#website"},"datePublished":"2022-07-04T07:07:56+00:00","dateModified":"2025-06-05T07:37:25+00:00","description":"insureNXT ist die internationale Kongressmesse f\u00fcr Digitalisierung & Innovation in der Versicherungsbranche und vernetzt s\u00e4mtliche Beteiligte.","breadcrumb":{"@id":"https:\/\/insurlab-germany.com\/wertangebot\/insurenxt\/#breadcrumb"},"inLanguage":"de","potentialAction":[{"@type":"ReadAction","target":["https:\/\/insurlab-germany.com\/wertangebot\/insurenxt\/"]}]},{"@type":"BreadcrumbList","@id":"https:\/\/insurlab-germany.com\/wertangebot\/insurenxt\/#breadcrumb","itemListElement":[{"@type":"ListItem","position":1,"name":"Startseite","item":"https:\/\/insurlab-germany.com\/de\/"},{"@type":"ListItem","position":2,"name":"Wertangebot","item":"https:\/\/insurlab-germany.com\/wertangebot\/"},{"@type":"ListItem","position":3,"name":"insureNXT"}]},{"@type":"WebSite","@id":"https:\/\/insurlab-germany.com\/#website","url":"https:\/\/insurlab-germany.com\/","name":"InsurLab Germany","description":"Let&#039;s #InnovateInsurance!","publisher":{"@id":"https:\/\/insurlab-germany.com\/#organization"},"potentialAction":[{"@type":"SearchAction","target":{"@type":"EntryPoint","urlTemplate":"https:\/\/insurlab-germany.com\/?s={search_term_string}"},"query-input":{"@type":"PropertyValueSpecification","valueRequired":true,"valueName":"search_term_string"}}],"inLanguage":"de"},{"@type":"Organization","@id":"https:\/\/insurlab-germany.com\/#organization","name":"InsurLab Germany","url":"https:\/\/insurlab-germany.com\/","logo":{"@type":"ImageObject","inLanguage":"de","@id":"https:\/\/insurlab-germany.com\/#\/schema\/logo\/image\/","url":"https:\/\/insurlab-germany.com\/wp-content\/uploads\/2022\/03\/website_logo_ohnelink.png","contentUrl":"https:\/\/insurlab-germany.com\/wp-content\/uploads\/2022\/03\/website_logo_ohnelink.png","width":640,"height":245,"caption":"InsurLab Germany"},"image":{"@id":"https:\/\/insurlab-germany.com\/#\/schema\/logo\/image\/"},"sameAs":["https:\/\/www.facebook.com\/InsurLabGermany\/","https:\/\/x.com\/InsurLabDE","https:\/\/www.instagram.com\/insurlab_germany\/","https:\/\/www.linkedin.com\/company\/insurlab-germany-e-v"]}]}},"_links":{"self":[{"href":"https:\/\/insurlab-germany.com\/de\/wp-json\/wp\/v2\/pages\/16017","targetHints":{"allow":["GET"]}}],"collection":[{"href":"https:\/\/insurlab-germany.com\/de\/wp-json\/wp\/v2\/pages"}],"about":[{"href":"https:\/\/insurlab-germany.com\/de\/wp-json\/wp\/v2\/types\/page"}],"author":[{"embeddable":true,"href":"https:\/\/insurlab-germany.com\/de\/wp-json\/wp\/v2\/users\/1"}],"replies":[{"embeddable":true,"href":"https:\/\/insurlab-germany.com\/de\/wp-json\/wp\/v2\/comments?post=16017"}],"version-history":[{"count":38,"href":"https:\/\/insurlab-germany.com\/de\/wp-json\/wp\/v2\/pages\/16017\/revisions"}],"predecessor-version":[{"id":25549,"href":"https:\/\/insurlab-germany.com\/de\/wp-json\/wp\/v2\/pages\/16017\/revisions\/25549"}],"up":[{"embeddable":true,"href":"https:\/\/insurlab-germany.com\/de\/wp-json\/wp\/v2\/pages\/11832"}],"wp:attachment":[{"href":"https:\/\/insurlab-germany.com\/de\/wp-json\/wp\/v2\/media?parent=16017"}],"curies":[{"name":"wp","href":"https:\/\/api.w.org\/{rel}","templated":true}]}}