{"id":23647,"date":"2024-07-26T13:41:44","date_gmt":"2024-07-26T11:41:44","guid":{"rendered":"https:\/\/insurlab-germany.com\/?page_id=23647"},"modified":"2026-01-28T13:41:56","modified_gmt":"2026-01-28T12:41:56","slug":"bootcamps","status":"publish","type":"page","link":"https:\/\/insurlab-germany.com\/de\/wertangebot\/bootcamps\/","title":{"rendered":"Bootcamps"},"content":{"rendered":"<p>[et_pb_section fb_built=&#8221;1&#8243; fullwidth=&#8221;on&#8221; _builder_version=&#8221;4.27.0&#8243; _module_preset=&#8221;e10bf903-6d02-442c-80fc-07620cd52979&#8243; background_image=&#8221;https:\/\/insurlab-germany.com\/wp-content\/uploads\/2024\/07\/Bootcamps.jpg&#8221; background_size=&#8221;custom&#8221; background_image_width=&#8221;57%&#8221; background_position=&#8221;center_right&#8221; global_colors_info=&#8221;{}&#8221;][et_pb_fullwidth_header title=&#8221;BOOTCAMPS&#8221; _builder_version=&#8221;4.27.0&#8243; _module_preset=&#8221;default&#8221; title_font=&#8221;|600||on|||||&#8221; background_enable_color=&#8221;off&#8221; background_image=&#8221;https:\/\/insurlab-germany.com\/wp-content\/uploads\/2022\/06\/InsurLab-header-layer.png&#8221; global_colors_info=&#8221;{}&#8221;][\/et_pb_fullwidth_header][\/et_pb_section][et_pb_section fb_built=&#8221;1&#8243; _builder_version=&#8221;4.25.1&#8243; _module_preset=&#8221;default&#8221; min_height=&#8221;672px&#8221; custom_padding=&#8221;||0px|||&#8221; global_colors_info=&#8221;{}&#8221;][et_pb_row _builder_version=&#8221;4.16&#8243; _module_preset=&#8221;default&#8221; locked=&#8221;off&#8221; global_colors_info=&#8221;{}&#8221;][et_pb_column type=&#8221;4_4&#8243; _builder_version=&#8221;4.16&#8243; _module_preset=&#8221;default&#8221; global_colors_info=&#8221;{}&#8221;][et_pb_text _builder_version=&#8221;4.27.4&#8243; _module_preset=&#8221;69b8b9cd-3a3c-4327-b867-c8ccc94aa8cb&#8221; global_colors_info=&#8221;{}&#8221;]<\/p>\n<h2>FORMAT F\u00dcR FOKUSSIERTE HANDS-ON-ERFAHRUNGEN UND KONKRETE TECHNOLOGIEERPROBUNG<\/h2>\n<p>[\/et_pb_text][\/et_pb_column][\/et_pb_row][et_pb_row column_structure=&#8221;1_2,1_2&#8243; _builder_version=&#8221;4.17.4&#8243; _module_preset=&#8221;default&#8221; background_enable_image=&#8221;off&#8221; width=&#8221;100%&#8221; height=&#8221;410px&#8221; custom_padding=&#8221;||133px|||&#8221; locked=&#8221;off&#8221; global_colors_info=&#8221;{}&#8221;][et_pb_column type=&#8221;1_2&#8243; _builder_version=&#8221;4.17.4&#8243; _module_preset=&#8221;default&#8221; z_index=&#8221;191&#8243; global_colors_info=&#8221;{}&#8221;][et_pb_text _builder_version=&#8221;4.27.5&#8243; _module_preset=&#8221;default&#8221; text_text_color=&#8221;#FFFFFF&#8221; background_image=&#8221;https:\/\/insurlab-germany.com\/wp-content\/uploads\/2022\/05\/InsurLab-bg-3-column-medium.jpg&#8221; transform_scale=&#8221;110%|110%&#8221; z_index=&#8221;319&#8243; width=&#8221;130.4%&#8221; custom_margin=&#8221;0px|98px|||false|false&#8221; custom_margin_tablet=&#8221;0px|98px|||false|false&#8221; custom_margin_phone=&#8221;|0px|||false|false&#8221; custom_margin_last_edited=&#8221;on|desktop&#8221; custom_padding=&#8221;30px|2vh|30px|130px|false|false&#8221; custom_padding_tablet=&#8221;30px|2vh|30px|130px|false|false&#8221; custom_padding_phone=&#8221;|||3vh|false|false&#8221; custom_padding_last_edited=&#8221;on|phone&#8221; hover_enabled=&#8221;0&#8243; global_colors_info=&#8221;{}&#8221; sticky_enabled=&#8221;0&#8243;]<\/p>\n<div class=\"w-b__inner w-b-text__inner w-o-cell w-o-grid\">\n<p>Unsere Bootcamps st\u00e4rken das theoretische Verst\u00e4ndnis neuer Technologien durch praktische Hands-on-Impulse, konkrete Anwendungen und Erfahrungsaustausch. Insbesondere das Thema AI steht im Fokus unserer Bootcamps, sodass wir uns in diesem inspierenden Umfeld &#8211; unterst\u00fctzt durch starke Coaches und in einem optimalen Coach-Teilnehmer:innen-Verh\u00e4ltnis &#8211; intensiv mit Einsatzszenarien von k\u00fcnstlicher Intelligenz in der Versicherungswirtschaft auseinandersetzen.<\/p>\n<\/div>\n<p>[\/et_pb_text][\/et_pb_column][et_pb_column type=&#8221;1_2&#8243; _builder_version=&#8221;4.17.4&#8243; _module_preset=&#8221;default&#8221; background_enable_image=&#8221;off&#8221; custom_padding=&#8221;|||0vw|false|false&#8221; global_colors_info=&#8221;{}&#8221;][et_pb_divider disabled_on=&#8221;on|on|off&#8221; _builder_version=&#8221;4.27.0&#8243; _module_preset=&#8221;68ba737c-807b-4372-be85-56980ddaacac&#8221; background_image=&#8221;https:\/\/insurlab-germany.com\/wp-content\/uploads\/2024\/07\/Bootcamp.jpg&#8221; min_height=&#8221;386px&#8221; global_colors_info=&#8221;{}&#8221; max_width__hover_enabled=&#8221;off|hover&#8221; max_width__hover=&#8221;50vw&#8221;][\/et_pb_divider][\/et_pb_column][\/et_pb_row][\/et_pb_section][et_pb_section fb_built=&#8221;1&#8243; _builder_version=&#8221;4.17.0&#8243; _module_preset=&#8221;default&#8221; custom_margin=&#8221;-74px|||||&#8221; global_colors_info=&#8221;{}&#8221;][et_pb_row _builder_version=&#8221;4.17.4&#8243; _module_preset=&#8221;default&#8221; global_colors_info=&#8221;{}&#8221;][et_pb_column type=&#8221;4_4&#8243; _builder_version=&#8221;4.17.4&#8243; _module_preset=&#8221;default&#8221; global_colors_info=&#8221;{}&#8221;][et_pb_text _builder_version=&#8221;4.27.0&#8243; _module_preset=&#8221;69b8b9cd-3a3c-4327-b867-c8ccc94aa8cb&#8221; global_colors_info=&#8221;{}&#8221;]<\/p>\n<h2>Kommende Bootcamps<\/h2>\n<p>[\/et_pb_text][mecdivi_MECShortcodes shortcode_id=&#8221;23654&#8243; _builder_version=&#8221;4.27.0&#8243; _module_preset=&#8221;default&#8221; global_colors_info=&#8221;{}&#8221;][\/mecdivi_MECShortcodes][\/et_pb_column][\/et_pb_row][\/et_pb_section]<\/p>\n","protected":false},"excerpt":{"rendered":"<p>FORMAT F\u00dcR FOKUSSIERTE HANDS-ON-ERFAHRUNGEN UND KONKRETE TECHNOLOGIEERPROBUNG Unsere Bootcamps st\u00e4rken das theoretische Verst\u00e4ndnis neuer Technologien durch praktische Hands-on-Impulse, konkrete Anwendungen und Erfahrungsaustausch. Insbesondere das Thema AI steht im Fokus unserer Bootcamps, sodass wir uns in diesem inspierenden Umfeld &#8211; unterst\u00fctzt durch starke Coaches und in einem optimalen Coach-Teilnehmer:innen-Verh\u00e4ltnis &#8211; intensiv mit Einsatzszenarien von k\u00fcnstlicher Intelligenz [&hellip;]<\/p>\n","protected":false},"author":7,"featured_media":0,"parent":11832,"menu_order":0,"comment_status":"closed","ping_status":"closed","template":"","meta":{"_et_pb_use_builder":"on","_et_pb_old_content":"","_et_gb_content_width":"","content-type":"","footnotes":""},"class_list":["post-23647","page","type-page","status-publish","hentry"],"yoast_head":"<!-- This site is optimized with the Yoast SEO plugin v27.4 - https:\/\/yoast.com\/product\/yoast-seo-wordpress\/ -->\n<title>Bootcamps - InsurLab Germany<\/title>\n<meta name=\"robots\" content=\"index, follow, max-snippet:-1, max-image-preview:large, max-video-preview:-1\" \/>\n<link rel=\"canonical\" href=\"https:\/\/insurlab-germany.com\/de\/wertangebot\/bootcamps\/\" \/>\n<meta property=\"og:locale\" content=\"de_DE\" \/>\n<meta property=\"og:type\" content=\"article\" \/>\n<meta property=\"og:title\" content=\"Bootcamps - InsurLab Germany\" \/>\n<meta property=\"og:description\" content=\"FORMAT F\u00dcR FOKUSSIERTE HANDS-ON-ERFAHRUNGEN UND KONKRETE TECHNOLOGIEERPROBUNG Unsere Bootcamps st\u00e4rken das theoretische Verst\u00e4ndnis neuer Technologien durch praktische Hands-on-Impulse, konkrete Anwendungen und Erfahrungsaustausch. Insbesondere das Thema AI steht im Fokus unserer Bootcamps, sodass wir uns in diesem inspierenden Umfeld - unterst\u00fctzt durch starke Coaches und in einem optimalen Coach-Teilnehmer:innen-Verh\u00e4ltnis - intensiv mit Einsatzszenarien von k\u00fcnstlicher Intelligenz [&hellip;]\" \/>\n<meta property=\"og:url\" content=\"https:\/\/insurlab-germany.com\/de\/wertangebot\/bootcamps\/\" \/>\n<meta property=\"og:site_name\" content=\"InsurLab Germany\" \/>\n<meta property=\"article:publisher\" content=\"https:\/\/www.facebook.com\/InsurLabGermany\/\" \/>\n<meta property=\"article:modified_time\" content=\"2026-01-28T12:41:56+00:00\" \/>\n<meta name=\"twitter:card\" content=\"summary_large_image\" \/>\n<meta name=\"twitter:site\" content=\"@InsurLabDE\" \/>\n<meta name=\"twitter:label1\" content=\"Gesch\u00e4tzte Lesezeit\" \/>\n\t<meta name=\"twitter:data1\" content=\"1\u00a0Minute\" \/>\n<script type=\"application\/ld+json\" class=\"yoast-schema-graph\">{\"@context\":\"https:\\\/\\\/schema.org\",\"@graph\":[{\"@type\":\"WebPage\",\"@id\":\"https:\\\/\\\/insurlab-germany.com\\\/wertangebot\\\/bootcamps\\\/\",\"url\":\"https:\\\/\\\/insurlab-germany.com\\\/wertangebot\\\/bootcamps\\\/\",\"name\":\"Bootcamps - InsurLab Germany\",\"isPartOf\":{\"@id\":\"https:\\\/\\\/insurlab-germany.com\\\/#website\"},\"datePublished\":\"2024-07-26T11:41:44+00:00\",\"dateModified\":\"2026-01-28T12:41:56+00:00\",\"breadcrumb\":{\"@id\":\"https:\\\/\\\/insurlab-germany.com\\\/wertangebot\\\/bootcamps\\\/#breadcrumb\"},\"inLanguage\":\"de\",\"potentialAction\":[{\"@type\":\"ReadAction\",\"target\":[\"https:\\\/\\\/insurlab-germany.com\\\/wertangebot\\\/bootcamps\\\/\"]}]},{\"@type\":\"BreadcrumbList\",\"@id\":\"https:\\\/\\\/insurlab-germany.com\\\/wertangebot\\\/bootcamps\\\/#breadcrumb\",\"itemListElement\":[{\"@type\":\"ListItem\",\"position\":1,\"name\":\"Startseite\",\"item\":\"https:\\\/\\\/insurlab-germany.com\\\/de\\\/\"},{\"@type\":\"ListItem\",\"position\":2,\"name\":\"Wertangebot\",\"item\":\"https:\\\/\\\/insurlab-germany.com\\\/wertangebot\\\/\"},{\"@type\":\"ListItem\",\"position\":3,\"name\":\"Bootcamps\"}]},{\"@type\":\"WebSite\",\"@id\":\"https:\\\/\\\/insurlab-germany.com\\\/#website\",\"url\":\"https:\\\/\\\/insurlab-germany.com\\\/\",\"name\":\"InsurLab Germany\",\"description\":\"Let&#039;s #InnovateInsurance!\",\"publisher\":{\"@id\":\"https:\\\/\\\/insurlab-germany.com\\\/#organization\"},\"potentialAction\":[{\"@type\":\"SearchAction\",\"target\":{\"@type\":\"EntryPoint\",\"urlTemplate\":\"https:\\\/\\\/insurlab-germany.com\\\/?s={search_term_string}\"},\"query-input\":{\"@type\":\"PropertyValueSpecification\",\"valueRequired\":true,\"valueName\":\"search_term_string\"}}],\"inLanguage\":\"de\"},{\"@type\":\"Organization\",\"@id\":\"https:\\\/\\\/insurlab-germany.com\\\/#organization\",\"name\":\"InsurLab Germany\",\"url\":\"https:\\\/\\\/insurlab-germany.com\\\/\",\"logo\":{\"@type\":\"ImageObject\",\"inLanguage\":\"de\",\"@id\":\"https:\\\/\\\/insurlab-germany.com\\\/#\\\/schema\\\/logo\\\/image\\\/\",\"url\":\"https:\\\/\\\/insurlab-germany.com\\\/wp-content\\\/uploads\\\/2022\\\/03\\\/website_logo_ohnelink.png\",\"contentUrl\":\"https:\\\/\\\/insurlab-germany.com\\\/wp-content\\\/uploads\\\/2022\\\/03\\\/website_logo_ohnelink.png\",\"width\":640,\"height\":245,\"caption\":\"InsurLab Germany\"},\"image\":{\"@id\":\"https:\\\/\\\/insurlab-germany.com\\\/#\\\/schema\\\/logo\\\/image\\\/\"},\"sameAs\":[\"https:\\\/\\\/www.facebook.com\\\/InsurLabGermany\\\/\",\"https:\\\/\\\/x.com\\\/InsurLabDE\",\"https:\\\/\\\/www.instagram.com\\\/insurlab_germany\\\/\",\"https:\\\/\\\/www.linkedin.com\\\/company\\\/insurlab-germany-e-v\"]}]}<\/script>\n<!-- \/ Yoast SEO plugin. -->","yoast_head_json":{"title":"Bootcamps - InsurLab Germany","robots":{"index":"index","follow":"follow","max-snippet":"max-snippet:-1","max-image-preview":"max-image-preview:large","max-video-preview":"max-video-preview:-1"},"canonical":"https:\/\/insurlab-germany.com\/de\/wertangebot\/bootcamps\/","og_locale":"de_DE","og_type":"article","og_title":"Bootcamps - InsurLab Germany","og_description":"FORMAT F\u00dcR FOKUSSIERTE HANDS-ON-ERFAHRUNGEN UND KONKRETE TECHNOLOGIEERPROBUNG Unsere Bootcamps st\u00e4rken das theoretische Verst\u00e4ndnis neuer Technologien durch praktische Hands-on-Impulse, konkrete Anwendungen und Erfahrungsaustausch. Insbesondere das Thema AI steht im Fokus unserer Bootcamps, sodass wir uns in diesem inspierenden Umfeld - unterst\u00fctzt durch starke Coaches und in einem optimalen Coach-Teilnehmer:innen-Verh\u00e4ltnis - intensiv mit Einsatzszenarien von k\u00fcnstlicher Intelligenz [&hellip;]","og_url":"https:\/\/insurlab-germany.com\/de\/wertangebot\/bootcamps\/","og_site_name":"InsurLab Germany","article_publisher":"https:\/\/www.facebook.com\/InsurLabGermany\/","article_modified_time":"2026-01-28T12:41:56+00:00","twitter_card":"summary_large_image","twitter_site":"@InsurLabDE","twitter_misc":{"Gesch\u00e4tzte Lesezeit":"1\u00a0Minute"},"schema":{"@context":"https:\/\/schema.org","@graph":[{"@type":"WebPage","@id":"https:\/\/insurlab-germany.com\/wertangebot\/bootcamps\/","url":"https:\/\/insurlab-germany.com\/wertangebot\/bootcamps\/","name":"Bootcamps - InsurLab Germany","isPartOf":{"@id":"https:\/\/insurlab-germany.com\/#website"},"datePublished":"2024-07-26T11:41:44+00:00","dateModified":"2026-01-28T12:41:56+00:00","breadcrumb":{"@id":"https:\/\/insurlab-germany.com\/wertangebot\/bootcamps\/#breadcrumb"},"inLanguage":"de","potentialAction":[{"@type":"ReadAction","target":["https:\/\/insurlab-germany.com\/wertangebot\/bootcamps\/"]}]},{"@type":"BreadcrumbList","@id":"https:\/\/insurlab-germany.com\/wertangebot\/bootcamps\/#breadcrumb","itemListElement":[{"@type":"ListItem","position":1,"name":"Startseite","item":"https:\/\/insurlab-germany.com\/de\/"},{"@type":"ListItem","position":2,"name":"Wertangebot","item":"https:\/\/insurlab-germany.com\/wertangebot\/"},{"@type":"ListItem","position":3,"name":"Bootcamps"}]},{"@type":"WebSite","@id":"https:\/\/insurlab-germany.com\/#website","url":"https:\/\/insurlab-germany.com\/","name":"InsurLab Germany","description":"Let&#039;s #InnovateInsurance!","publisher":{"@id":"https:\/\/insurlab-germany.com\/#organization"},"potentialAction":[{"@type":"SearchAction","target":{"@type":"EntryPoint","urlTemplate":"https:\/\/insurlab-germany.com\/?s={search_term_string}"},"query-input":{"@type":"PropertyValueSpecification","valueRequired":true,"valueName":"search_term_string"}}],"inLanguage":"de"},{"@type":"Organization","@id":"https:\/\/insurlab-germany.com\/#organization","name":"InsurLab Germany","url":"https:\/\/insurlab-germany.com\/","logo":{"@type":"ImageObject","inLanguage":"de","@id":"https:\/\/insurlab-germany.com\/#\/schema\/logo\/image\/","url":"https:\/\/insurlab-germany.com\/wp-content\/uploads\/2022\/03\/website_logo_ohnelink.png","contentUrl":"https:\/\/insurlab-germany.com\/wp-content\/uploads\/2022\/03\/website_logo_ohnelink.png","width":640,"height":245,"caption":"InsurLab Germany"},"image":{"@id":"https:\/\/insurlab-germany.com\/#\/schema\/logo\/image\/"},"sameAs":["https:\/\/www.facebook.com\/InsurLabGermany\/","https:\/\/x.com\/InsurLabDE","https:\/\/www.instagram.com\/insurlab_germany\/","https:\/\/www.linkedin.com\/company\/insurlab-germany-e-v"]}]}},"_links":{"self":[{"href":"https:\/\/insurlab-germany.com\/de\/wp-json\/wp\/v2\/pages\/23647","targetHints":{"allow":["GET"]}}],"collection":[{"href":"https:\/\/insurlab-germany.com\/de\/wp-json\/wp\/v2\/pages"}],"about":[{"href":"https:\/\/insurlab-germany.com\/de\/wp-json\/wp\/v2\/types\/page"}],"author":[{"embeddable":true,"href":"https:\/\/insurlab-germany.com\/de\/wp-json\/wp\/v2\/users\/7"}],"replies":[{"embeddable":true,"href":"https:\/\/insurlab-germany.com\/de\/wp-json\/wp\/v2\/comments?post=23647"}],"version-history":[{"count":9,"href":"https:\/\/insurlab-germany.com\/de\/wp-json\/wp\/v2\/pages\/23647\/revisions"}],"predecessor-version":[{"id":26878,"href":"https:\/\/insurlab-germany.com\/de\/wp-json\/wp\/v2\/pages\/23647\/revisions\/26878"}],"up":[{"embeddable":true,"href":"https:\/\/insurlab-germany.com\/de\/wp-json\/wp\/v2\/pages\/11832"}],"wp:attachment":[{"href":"https:\/\/insurlab-germany.com\/de\/wp-json\/wp\/v2\/media?parent=23647"}],"curies":[{"name":"wp","href":"https:\/\/api.w.org\/{rel}","templated":true}]}}