{"id":24867,"date":"2025-03-12T13:25:01","date_gmt":"2025-03-12T12:25:01","guid":{"rendered":"https:\/\/insurlab-germany.com\/?page_id=24867"},"modified":"2025-03-12T13:25:05","modified_gmt":"2025-03-12T12:25:05","slug":"infrastruktur-ressourcen","status":"publish","type":"page","link":"https:\/\/insurlab-germany.com\/de\/wertangebot\/infrastruktur-ressourcen\/","title":{"rendered":"Infrastruktur &#038; Ressourcen"},"content":{"rendered":"<p>[et_pb_section fb_built=&#8221;1&#8243; fullwidth=&#8221;on&#8221; _builder_version=&#8221;4.27.4&#8243; _module_preset=&#8221;e10bf903-6d02-442c-80fc-07620cd52979&#8243; background_image=&#8221;https:\/\/insurlab-germany.com\/wp-content\/uploads\/2025\/03\/ressourcen-infrastruktur.jpg&#8221; background_size=&#8221;custom&#8221; background_image_width=&#8221;57%&#8221; background_position=&#8221;center_right&#8221; global_colors_info=&#8221;{}&#8221;][et_pb_fullwidth_header title=&#8221;INFRASTRUKTUR &#038; RESSOURCEN&#8221; _builder_version=&#8221;4.27.4&#8243; _module_preset=&#8221;default&#8221; title_font=&#8221;|600||on|||||&#8221; background_enable_color=&#8221;off&#8221; background_image=&#8221;https:\/\/insurlab-germany.com\/wp-content\/uploads\/2022\/06\/InsurLab-header-layer.png&#8221; global_colors_info=&#8221;{}&#8221;][\/et_pb_fullwidth_header][\/et_pb_section][et_pb_section fb_built=&#8221;1&#8243; _builder_version=&#8221;4.17.0&#8243; _module_preset=&#8221;default&#8221; min_height=&#8221;398.2px&#8221; custom_padding=&#8221;||0px|||&#8221; global_colors_info=&#8221;{}&#8221;][et_pb_row _builder_version=&#8221;4.17.0&#8243; _module_preset=&#8221;default&#8221; global_colors_info=&#8221;{}&#8221;][et_pb_column type=&#8221;4_4&#8243; _builder_version=&#8221;4.17.0&#8243; _module_preset=&#8221;default&#8221; global_colors_info=&#8221;{}&#8221;][et_pb_text _builder_version=&#8221;4.27.4&#8243; _module_preset=&#8221;69b8b9cd-3a3c-4327-b867-c8ccc94aa8cb&#8221; locked=&#8221;off&#8221; global_colors_info=&#8221;{}&#8221;]<\/p>\n<h2><b>EXKLUSIVE MITGLIEDER-VORTEILE F\u00dcR WACHSTUM UND VERNETZUNG<\/b><\/h2>\n<p>[\/et_pb_text][\/et_pb_column][\/et_pb_row][et_pb_row _builder_version=&#8221;4.23.1&#8243; _module_preset=&#8221;default&#8221; global_colors_info=&#8221;{}&#8221;][et_pb_column type=&#8221;4_4&#8243; _builder_version=&#8221;4.23.1&#8243; _module_preset=&#8221;default&#8221; global_colors_info=&#8221;{}&#8221;][et_pb_text _builder_version=&#8221;4.27.4&#8243; _module_preset=&#8221;default&#8221; global_colors_info=&#8221;{}&#8221;]<\/p>\n<p>Das InsurLab Germany bietet seinen Mitgliedern exklusive Zug\u00e4nge zu Ressourcen, \u00d6kosystemen und Sichtbarkeit, um Innovationen gezielt voranzutreiben und nachhaltige Transformationserfolge zu erzielen.<\/p>\n<p>[\/et_pb_text][\/et_pb_column][\/et_pb_row][et_pb_row _builder_version=&#8221;4.23.1&#8243; _module_preset=&#8221;default&#8221; global_colors_info=&#8221;{}&#8221;][et_pb_column type=&#8221;4_4&#8243; _builder_version=&#8221;4.23.1&#8243; _module_preset=&#8221;default&#8221; global_colors_info=&#8221;{}&#8221;][et_pb_text _builder_version=&#8221;4.27.4&#8243; _module_preset=&#8221;default&#8221; custom_padding=&#8221;||0px|||&#8221; global_colors_info=&#8221;{}&#8221;]<\/p>\n<h2><strong><span style=\"color: #01575e;\">Leistungen im \u00dcberblick:<\/span><\/strong><\/h2>\n<p>[\/et_pb_text][et_pb_text _builder_version=&#8221;4.27.4&#8243; _module_preset=&#8221;default&#8221; global_colors_info=&#8221;{}&#8221;]<\/p>\n<p data-start=\"414\" data-end=\"573\">\ud83c\udfe2 <strong data-start=\"417\" data-end=\"443\">R\u00e4ume &amp; Begegnungsorte<\/strong><br data-start=\"443\" data-end=\"446\" \/><a href=\"https:\/\/insurlab-germany.com\/de\/leistungsangebot\/raumbuchung\/\">Nutzung von Meeting- und Workshop-R\u00e4umen<\/a> \u2013 einmal pro Jahr kostenfrei f\u00fcr Vollzahler, weitere Buchungen zu Sonderkonditionen.<\/p>\n<p data-start=\"575\" data-end=\"708\">\ud83c\udfa4 <strong data-start=\"578\" data-end=\"607\">Sichtbarkeit &amp; Vernetzung<\/strong><br data-start=\"607\" data-end=\"610\" \/>Event-, B\u00fchnen- und Medienpr\u00e4senz sowie Platzierungsm\u00f6glichkeiten von Mitgliederangeboten im Netzwerk.<\/p>\n<p data-start=\"710\" data-end=\"833\">\ud83d\udca1 <strong data-start=\"713\" data-end=\"736\">Sparring &amp; Coaching<\/strong><br data-start=\"736\" data-end=\"739\" \/>Zugang zu Expert:innen, individuelle Beratung f\u00fcr Projekte sowie Feedback-Sessions zu Innovationsvorhaben<\/p>\n<p data-start=\"835\" data-end=\"975\">\ud83c\udf9f <strong data-start=\"838\" data-end=\"871\">Zugang zu Events &amp; Kongressen<\/strong><br data-start=\"871\" data-end=\"874\" \/>Verg\u00fcnstigte oder kostenfreie Tickets f\u00fcr Branchenevents &amp; Teilnahme an exklusiven Veranstaltungen (de:hub).<\/p>\n<p data-start=\"977\" data-end=\"1067\">\ud83c\udfaf <strong data-start=\"980\" data-end=\"1002\">Zugang zu Talenten<\/strong><br data-start=\"1002\" data-end=\"1005\" \/>Kontakte zu Studierenden und Hochschulen sowie Vermittlung innovativer K\u00f6pfe und Start-ups<\/p>\n<p data-start=\"1069\" data-end=\"1181\">\ud83d\udcb0 <strong data-start=\"1072\" data-end=\"1095\">Vorteilskonditionen<\/strong><br data-start=\"1095\" data-end=\"1098\" \/>Sonderangebote, Rabatte &amp; verg\u00fcnstigte Member-to-Member-Angebote im Netzwerk.<\/p>\n<p data-start=\"1183\" data-end=\"1285\">\ud83d\udcc2 <strong data-start=\"1186\" data-end=\"1206\">Mitgliederportal<\/strong><br data-start=\"1206\" data-end=\"1209\" \/>Exklusiver Zugang zu Veranstaltungsdokumentationen, digitaler Vernetzung und Spezialangeboten.<\/p>\n<p>[\/et_pb_text][\/et_pb_column][\/et_pb_row][et_pb_row _builder_version=&#8221;4.23.1&#8243; _module_preset=&#8221;default&#8221; global_colors_info=&#8221;{}&#8221;][et_pb_column type=&#8221;4_4&#8243; _builder_version=&#8221;4.23.1&#8243; _module_preset=&#8221;default&#8221; global_colors_info=&#8221;{}&#8221;][et_pb_text _builder_version=&#8221;4.27.4&#8243; _module_preset=&#8221;default&#8221; custom_padding=&#8221;||0px|||&#8221; global_colors_info=&#8221;{}&#8221;]<\/p>\n<h3><strong><span style=\"color: #01575e;\">Interessiert?<\/span><\/strong><\/h3>\n<p>Dann komm gerne auf uns zu und<a href=\"mailto:connect@insurlab-germany.com\"> meldet euch bei uns<\/a>!<\/p>\n<p>[\/et_pb_text][\/et_pb_column][\/et_pb_row][et_pb_row _builder_version=&#8221;4.27.4&#8243; _module_preset=&#8221;default&#8221; custom_margin=&#8221;|auto|-18px|auto||&#8221; global_colors_info=&#8221;{}&#8221;][et_pb_column type=&#8221;4_4&#8243; _builder_version=&#8221;4.27.4&#8243; _module_preset=&#8221;default&#8221; global_colors_info=&#8221;{}&#8221;][\/et_pb_column][\/et_pb_row][\/et_pb_section]<\/p>\n","protected":false},"excerpt":{"rendered":"<p>InsurLab Germany Mitglieder profitieren von exklusiven Sonderangeboten im Bereich Infrastruktur &#038; Ressourcen. Jetzt Vorteile sichern!<\/p>\n","protected":false},"author":7,"featured_media":0,"parent":11832,"menu_order":0,"comment_status":"closed","ping_status":"closed","template":"","meta":{"_et_pb_use_builder":"on","_et_pb_old_content":"","_et_gb_content_width":"","content-type":"","footnotes":""},"class_list":["post-24867","page","type-page","status-publish","hentry"],"yoast_head":"<!-- This site is optimized with the Yoast SEO plugin v27.5 - https:\/\/yoast.com\/product\/yoast-seo-wordpress\/ -->\n<title>Infrastruktur &amp; Ressourcen - InsurLab Germany<\/title>\n<meta name=\"description\" content=\"InsurLab Germany Mitglieder profitieren von exklusiven Sonderangeboten im Bereich Infrastruktur &amp; Ressourcen. Jetzt Vorteile sichern!\" \/>\n<meta name=\"robots\" content=\"index, follow, max-snippet:-1, max-image-preview:large, max-video-preview:-1\" \/>\n<link rel=\"canonical\" href=\"https:\/\/insurlab-germany.com\/de\/wertangebot\/infrastruktur-ressourcen\/\" \/>\n<meta property=\"og:locale\" content=\"de_DE\" \/>\n<meta property=\"og:type\" content=\"article\" \/>\n<meta property=\"og:title\" content=\"Infrastruktur &amp; Ressourcen - InsurLab Germany\" \/>\n<meta property=\"og:description\" content=\"InsurLab Germany Mitglieder profitieren von exklusiven Sonderangeboten im Bereich Infrastruktur &amp; Ressourcen. Jetzt Vorteile sichern!\" \/>\n<meta property=\"og:url\" content=\"https:\/\/insurlab-germany.com\/de\/wertangebot\/infrastruktur-ressourcen\/\" \/>\n<meta property=\"og:site_name\" content=\"InsurLab Germany\" \/>\n<meta property=\"article:publisher\" content=\"https:\/\/www.facebook.com\/InsurLabGermany\/\" \/>\n<meta property=\"article:modified_time\" content=\"2025-03-12T12:25:05+00:00\" \/>\n<meta name=\"twitter:card\" content=\"summary_large_image\" \/>\n<meta name=\"twitter:site\" content=\"@InsurLabDE\" \/>\n<meta name=\"twitter:label1\" content=\"Gesch\u00e4tzte Lesezeit\" \/>\n\t<meta name=\"twitter:data1\" content=\"1\u00a0Minute\" \/>\n<script type=\"application\/ld+json\" class=\"yoast-schema-graph\">{\"@context\":\"https:\\\/\\\/schema.org\",\"@graph\":[{\"@type\":\"WebPage\",\"@id\":\"https:\\\/\\\/insurlab-germany.com\\\/wertangebot\\\/infrastruktur-ressourcen\\\/\",\"url\":\"https:\\\/\\\/insurlab-germany.com\\\/wertangebot\\\/infrastruktur-ressourcen\\\/\",\"name\":\"Infrastruktur & Ressourcen - InsurLab Germany\",\"isPartOf\":{\"@id\":\"https:\\\/\\\/insurlab-germany.com\\\/#website\"},\"datePublished\":\"2025-03-12T12:25:01+00:00\",\"dateModified\":\"2025-03-12T12:25:05+00:00\",\"description\":\"InsurLab Germany Mitglieder profitieren von exklusiven Sonderangeboten im Bereich Infrastruktur & Ressourcen. Jetzt Vorteile sichern!\",\"breadcrumb\":{\"@id\":\"https:\\\/\\\/insurlab-germany.com\\\/wertangebot\\\/infrastruktur-ressourcen\\\/#breadcrumb\"},\"inLanguage\":\"de\",\"potentialAction\":[{\"@type\":\"ReadAction\",\"target\":[\"https:\\\/\\\/insurlab-germany.com\\\/wertangebot\\\/infrastruktur-ressourcen\\\/\"]}]},{\"@type\":\"BreadcrumbList\",\"@id\":\"https:\\\/\\\/insurlab-germany.com\\\/wertangebot\\\/infrastruktur-ressourcen\\\/#breadcrumb\",\"itemListElement\":[{\"@type\":\"ListItem\",\"position\":1,\"name\":\"Startseite\",\"item\":\"https:\\\/\\\/insurlab-germany.com\\\/de\\\/\"},{\"@type\":\"ListItem\",\"position\":2,\"name\":\"Wertangebot\",\"item\":\"https:\\\/\\\/insurlab-germany.com\\\/wertangebot\\\/\"},{\"@type\":\"ListItem\",\"position\":3,\"name\":\"Infrastruktur &#038; Ressourcen\"}]},{\"@type\":\"WebSite\",\"@id\":\"https:\\\/\\\/insurlab-germany.com\\\/#website\",\"url\":\"https:\\\/\\\/insurlab-germany.com\\\/\",\"name\":\"InsurLab Germany\",\"description\":\"Let&#039;s #InnovateInsurance!\",\"publisher\":{\"@id\":\"https:\\\/\\\/insurlab-germany.com\\\/#organization\"},\"potentialAction\":[{\"@type\":\"SearchAction\",\"target\":{\"@type\":\"EntryPoint\",\"urlTemplate\":\"https:\\\/\\\/insurlab-germany.com\\\/?s={search_term_string}\"},\"query-input\":{\"@type\":\"PropertyValueSpecification\",\"valueRequired\":true,\"valueName\":\"search_term_string\"}}],\"inLanguage\":\"de\"},{\"@type\":\"Organization\",\"@id\":\"https:\\\/\\\/insurlab-germany.com\\\/#organization\",\"name\":\"InsurLab Germany\",\"url\":\"https:\\\/\\\/insurlab-germany.com\\\/\",\"logo\":{\"@type\":\"ImageObject\",\"inLanguage\":\"de\",\"@id\":\"https:\\\/\\\/insurlab-germany.com\\\/#\\\/schema\\\/logo\\\/image\\\/\",\"url\":\"https:\\\/\\\/insurlab-germany.com\\\/wp-content\\\/uploads\\\/2022\\\/03\\\/website_logo_ohnelink.png\",\"contentUrl\":\"https:\\\/\\\/insurlab-germany.com\\\/wp-content\\\/uploads\\\/2022\\\/03\\\/website_logo_ohnelink.png\",\"width\":640,\"height\":245,\"caption\":\"InsurLab Germany\"},\"image\":{\"@id\":\"https:\\\/\\\/insurlab-germany.com\\\/#\\\/schema\\\/logo\\\/image\\\/\"},\"sameAs\":[\"https:\\\/\\\/www.facebook.com\\\/InsurLabGermany\\\/\",\"https:\\\/\\\/x.com\\\/InsurLabDE\",\"https:\\\/\\\/www.instagram.com\\\/insurlab_germany\\\/\",\"https:\\\/\\\/www.linkedin.com\\\/company\\\/insurlab-germany-e-v\"]}]}<\/script>\n<!-- \/ Yoast SEO plugin. -->","yoast_head_json":{"title":"Infrastruktur & Ressourcen - InsurLab Germany","description":"InsurLab Germany Mitglieder profitieren von exklusiven Sonderangeboten im Bereich Infrastruktur & Ressourcen. Jetzt Vorteile sichern!","robots":{"index":"index","follow":"follow","max-snippet":"max-snippet:-1","max-image-preview":"max-image-preview:large","max-video-preview":"max-video-preview:-1"},"canonical":"https:\/\/insurlab-germany.com\/de\/wertangebot\/infrastruktur-ressourcen\/","og_locale":"de_DE","og_type":"article","og_title":"Infrastruktur & Ressourcen - InsurLab Germany","og_description":"InsurLab Germany Mitglieder profitieren von exklusiven Sonderangeboten im Bereich Infrastruktur & Ressourcen. Jetzt Vorteile sichern!","og_url":"https:\/\/insurlab-germany.com\/de\/wertangebot\/infrastruktur-ressourcen\/","og_site_name":"InsurLab Germany","article_publisher":"https:\/\/www.facebook.com\/InsurLabGermany\/","article_modified_time":"2025-03-12T12:25:05+00:00","twitter_card":"summary_large_image","twitter_site":"@InsurLabDE","twitter_misc":{"Gesch\u00e4tzte Lesezeit":"1\u00a0Minute"},"schema":{"@context":"https:\/\/schema.org","@graph":[{"@type":"WebPage","@id":"https:\/\/insurlab-germany.com\/wertangebot\/infrastruktur-ressourcen\/","url":"https:\/\/insurlab-germany.com\/wertangebot\/infrastruktur-ressourcen\/","name":"Infrastruktur & Ressourcen - InsurLab Germany","isPartOf":{"@id":"https:\/\/insurlab-germany.com\/#website"},"datePublished":"2025-03-12T12:25:01+00:00","dateModified":"2025-03-12T12:25:05+00:00","description":"InsurLab Germany Mitglieder profitieren von exklusiven Sonderangeboten im Bereich Infrastruktur & Ressourcen. Jetzt Vorteile sichern!","breadcrumb":{"@id":"https:\/\/insurlab-germany.com\/wertangebot\/infrastruktur-ressourcen\/#breadcrumb"},"inLanguage":"de","potentialAction":[{"@type":"ReadAction","target":["https:\/\/insurlab-germany.com\/wertangebot\/infrastruktur-ressourcen\/"]}]},{"@type":"BreadcrumbList","@id":"https:\/\/insurlab-germany.com\/wertangebot\/infrastruktur-ressourcen\/#breadcrumb","itemListElement":[{"@type":"ListItem","position":1,"name":"Startseite","item":"https:\/\/insurlab-germany.com\/de\/"},{"@type":"ListItem","position":2,"name":"Wertangebot","item":"https:\/\/insurlab-germany.com\/wertangebot\/"},{"@type":"ListItem","position":3,"name":"Infrastruktur &#038; Ressourcen"}]},{"@type":"WebSite","@id":"https:\/\/insurlab-germany.com\/#website","url":"https:\/\/insurlab-germany.com\/","name":"InsurLab Germany","description":"Let&#039;s #InnovateInsurance!","publisher":{"@id":"https:\/\/insurlab-germany.com\/#organization"},"potentialAction":[{"@type":"SearchAction","target":{"@type":"EntryPoint","urlTemplate":"https:\/\/insurlab-germany.com\/?s={search_term_string}"},"query-input":{"@type":"PropertyValueSpecification","valueRequired":true,"valueName":"search_term_string"}}],"inLanguage":"de"},{"@type":"Organization","@id":"https:\/\/insurlab-germany.com\/#organization","name":"InsurLab Germany","url":"https:\/\/insurlab-germany.com\/","logo":{"@type":"ImageObject","inLanguage":"de","@id":"https:\/\/insurlab-germany.com\/#\/schema\/logo\/image\/","url":"https:\/\/insurlab-germany.com\/wp-content\/uploads\/2022\/03\/website_logo_ohnelink.png","contentUrl":"https:\/\/insurlab-germany.com\/wp-content\/uploads\/2022\/03\/website_logo_ohnelink.png","width":640,"height":245,"caption":"InsurLab Germany"},"image":{"@id":"https:\/\/insurlab-germany.com\/#\/schema\/logo\/image\/"},"sameAs":["https:\/\/www.facebook.com\/InsurLabGermany\/","https:\/\/x.com\/InsurLabDE","https:\/\/www.instagram.com\/insurlab_germany\/","https:\/\/www.linkedin.com\/company\/insurlab-germany-e-v"]}]}},"_links":{"self":[{"href":"https:\/\/insurlab-germany.com\/de\/wp-json\/wp\/v2\/pages\/24867","targetHints":{"allow":["GET"]}}],"collection":[{"href":"https:\/\/insurlab-germany.com\/de\/wp-json\/wp\/v2\/pages"}],"about":[{"href":"https:\/\/insurlab-germany.com\/de\/wp-json\/wp\/v2\/types\/page"}],"author":[{"embeddable":true,"href":"https:\/\/insurlab-germany.com\/de\/wp-json\/wp\/v2\/users\/7"}],"replies":[{"embeddable":true,"href":"https:\/\/insurlab-germany.com\/de\/wp-json\/wp\/v2\/comments?post=24867"}],"version-history":[{"count":5,"href":"https:\/\/insurlab-germany.com\/de\/wp-json\/wp\/v2\/pages\/24867\/revisions"}],"predecessor-version":[{"id":24880,"href":"https:\/\/insurlab-germany.com\/de\/wp-json\/wp\/v2\/pages\/24867\/revisions\/24880"}],"up":[{"embeddable":true,"href":"https:\/\/insurlab-germany.com\/de\/wp-json\/wp\/v2\/pages\/11832"}],"wp:attachment":[{"href":"https:\/\/insurlab-germany.com\/de\/wp-json\/wp\/v2\/media?parent=24867"}],"curies":[{"name":"wp","href":"https:\/\/api.w.org\/{rel}","templated":true}]}}