{"id":25630,"date":"2025-06-20T12:51:19","date_gmt":"2025-06-20T10:51:19","guid":{"rendered":"https:\/\/insurlab-germany.com\/?page_id=25630"},"modified":"2025-06-20T12:51:22","modified_gmt":"2025-06-20T10:51:22","slug":"webinare","status":"publish","type":"page","link":"https:\/\/insurlab-germany.com\/de\/wertangebot\/webinare\/","title":{"rendered":"Webinare"},"content":{"rendered":"<p>[et_pb_section fb_built=&#8221;1&#8243; fullwidth=&#8221;on&#8221; _builder_version=&#8221;4.27.4&#8243; _module_preset=&#8221;e10bf903-6d02-442c-80fc-07620cd52979&#8243; background_image=&#8221;https:\/\/insurlab-germany.com\/wp-content\/uploads\/2025\/06\/Website_Header_Webinar.jpg&#8221; background_size=&#8221;custom&#8221; background_image_width=&#8221;57%&#8221; background_position=&#8221;center_right&#8221; global_colors_info=&#8221;{}&#8221;][et_pb_fullwidth_header title=&#8221;WEBINARE&#8221; _builder_version=&#8221;4.27.4&#8243; _module_preset=&#8221;default&#8221; title_font=&#8221;|600||on|||||&#8221; background_enable_color=&#8221;off&#8221; background_image=&#8221;https:\/\/insurlab-germany.com\/wp-content\/uploads\/2022\/06\/InsurLab-header-layer.png&#8221; global_colors_info=&#8221;{}&#8221;][\/et_pb_fullwidth_header][\/et_pb_section][et_pb_section fb_built=&#8221;1&#8243; _builder_version=&#8221;4.25.1&#8243; _module_preset=&#8221;default&#8221; min_height=&#8221;672px&#8221; custom_padding=&#8221;||0px|||&#8221; global_colors_info=&#8221;{}&#8221;][et_pb_row _builder_version=&#8221;4.16&#8243; _module_preset=&#8221;default&#8221; locked=&#8221;off&#8221; global_colors_info=&#8221;{}&#8221;][et_pb_column type=&#8221;4_4&#8243; _builder_version=&#8221;4.16&#8243; _module_preset=&#8221;default&#8221; global_colors_info=&#8221;{}&#8221;][et_pb_text _builder_version=&#8221;4.27.4&#8243; _module_preset=&#8221;69b8b9cd-3a3c-4327-b867-c8ccc94aa8cb&#8221; hover_enabled=&#8221;0&#8243; global_colors_info=&#8221;{}&#8221; sticky_enabled=&#8221;0&#8243;]<\/p>\n<h2>KURZ, DIGITAL, AUF DEN PUNKT \u2013 KOMPAKTES WISSEN UND FRISCHE INSIGHTS ZU AKTUELLEN BRANCHENTHEMEN<\/h2>\n<p>[\/et_pb_text][\/et_pb_column][\/et_pb_row][et_pb_row column_structure=&#8221;1_2,1_2&#8243; _builder_version=&#8221;4.17.4&#8243; _module_preset=&#8221;default&#8221; background_enable_image=&#8221;off&#8221; width=&#8221;100%&#8221; height=&#8221;410px&#8221; custom_padding=&#8221;||133px|||&#8221; locked=&#8221;off&#8221; global_colors_info=&#8221;{}&#8221;][et_pb_column type=&#8221;1_2&#8243; _builder_version=&#8221;4.17.4&#8243; _module_preset=&#8221;default&#8221; z_index=&#8221;191&#8243; global_colors_info=&#8221;{}&#8221;][et_pb_text _builder_version=&#8221;4.27.4&#8243; _module_preset=&#8221;default&#8221; text_text_color=&#8221;#FFFFFF&#8221; background_image=&#8221;https:\/\/insurlab-germany.com\/wp-content\/uploads\/2022\/05\/InsurLab-bg-3-column-medium.jpg&#8221; transform_scale=&#8221;110%|110%&#8221; z_index=&#8221;319&#8243; width=&#8221;130.4%&#8221; custom_margin=&#8221;0px|98px|||false|false&#8221; custom_margin_tablet=&#8221;0px|98px|||false|false&#8221; custom_margin_phone=&#8221;|0px|||false|false&#8221; custom_margin_last_edited=&#8221;on|desktop&#8221; custom_padding=&#8221;30px|2vh|30px|130px|false|false&#8221; custom_padding_tablet=&#8221;30px|2vh|30px|130px|false|false&#8221; custom_padding_phone=&#8221;|||3vh|false|false&#8221; custom_padding_last_edited=&#8221;on|phone&#8221; hover_enabled=&#8221;0&#8243; global_colors_info=&#8221;{}&#8221; sticky_enabled=&#8221;0&#8243;]<\/p>\n<div class=\"w-b__inner w-b-text__inner w-o-cell w-o-grid\">\n<p>In unseren Webinaren bieten wir kompaktes Wissen zu aktuellen Themen der Versicherungswirtschaft sowie branchen\u00fcbergreifende Blickwinkel. Wir thematisieren Trends, Innovationen und frische Impulse \u2013 direkt aus der Praxis und relevant f\u00fcr die t\u00e4gliche Arbeit. In rund einer Stunde erhalten Teilnehmer:innen Insights von Branchenexpert:innen, Innovator:innen und Mitgliedern unseres Netzwerks. Einfach online dabei sein, flexibel von \u00fcberall.<\/p>\n<\/div>\n<p>[\/et_pb_text][\/et_pb_column][et_pb_column type=&#8221;1_2&#8243; _builder_version=&#8221;4.17.4&#8243; _module_preset=&#8221;default&#8221; background_enable_image=&#8221;off&#8221; custom_padding=&#8221;|||0vw|false|false&#8221; global_colors_info=&#8221;{}&#8221;][et_pb_divider disabled_on=&#8221;on|on|off&#8221; _builder_version=&#8221;4.27.4&#8243; _module_preset=&#8221;68ba737c-807b-4372-be85-56980ddaacac&#8221; background_image=&#8221;https:\/\/insurlab-germany.com\/wp-content\/uploads\/2025\/06\/ILG_Visual_Webinar.jpg&#8221; min_height=&#8221;386px&#8221; global_colors_info=&#8221;{}&#8221; max_width__hover_enabled=&#8221;off|hover&#8221; max_width__hover=&#8221;50vw&#8221;][\/et_pb_divider][\/et_pb_column][\/et_pb_row][\/et_pb_section][et_pb_section fb_built=&#8221;1&#8243; _builder_version=&#8221;4.17.0&#8243; _module_preset=&#8221;default&#8221; custom_margin=&#8221;-74px|||||&#8221; global_colors_info=&#8221;{}&#8221;][et_pb_row _builder_version=&#8221;4.17.4&#8243; _module_preset=&#8221;default&#8221; global_colors_info=&#8221;{}&#8221;][et_pb_column type=&#8221;4_4&#8243; _builder_version=&#8221;4.17.4&#8243; _module_preset=&#8221;default&#8221; global_colors_info=&#8221;{}&#8221;][et_pb_text _builder_version=&#8221;4.27.4&#8243; _module_preset=&#8221;69b8b9cd-3a3c-4327-b867-c8ccc94aa8cb&#8221; hover_enabled=&#8221;0&#8243; global_colors_info=&#8221;{}&#8221; sticky_enabled=&#8221;0&#8243;]<\/p>\n<h2>Kommende Webinare<\/h2>\n<p>[\/et_pb_text][mecdivi_MECShortcodes shortcode_id=&#8221;25638&#8243; _builder_version=&#8221;4.27.4&#8243; _module_preset=&#8221;default&#8221; global_colors_info=&#8221;{}&#8221;][\/mecdivi_MECShortcodes][\/et_pb_column][\/et_pb_row][\/et_pb_section][et_pb_section fb_built=&#8221;1&#8243; _builder_version=&#8221;4.21.0&#8243; _module_preset=&#8221;default&#8221; background_color=&#8221;#f7f7f7&#8243; locked=&#8221;off&#8221; global_colors_info=&#8221;{}&#8221;][et_pb_row column_structure=&#8221;3_4,1_4&#8243; _builder_version=&#8221;4.21.0&#8243; _module_preset=&#8221;default&#8221; background_color=&#8221;#f7f7f7&#8243; custom_padding=&#8221;||||false|false&#8221; locked=&#8221;off&#8221; global_colors_info=&#8221;{}&#8221;][et_pb_column type=&#8221;3_4&#8243; _builder_version=&#8221;4.17.4&#8243; _module_preset=&#8221;default&#8221; global_colors_info=&#8221;{}&#8221;][et_pb_text _builder_version=&#8221;4.27.4&#8243; _module_preset=&#8221;default&#8221; custom_margin=&#8221;50px||||false|false&#8221; custom_padding=&#8221;||||false|false&#8221; global_colors_info=&#8221;{}&#8221;]<\/p>\n<h2><strong><span style=\"color: #01575e;\">Ihr Ansprechpartner<\/span><\/strong><\/h2>\n<p>Sie interessieren sich f\u00fcr unsere Webinare und m\u00f6chten gerne mehr \u00fcber die M\u00f6glichkeiten erfahren? Wir freuen uns sehr \u00fcber Ihre Kontaktaufnahme!<\/p>\n<p>[\/et_pb_text][et_pb_button button_url=&#8221;mailto:lilli.sprung@insurlab-germany.com;%20connect@insurlab-germany.com&#8221; url_new_window=&#8221;on&#8221; button_text=&#8221;Kontaktieren Sie uns&#8221; button_alignment=&#8221;center&#8221; _builder_version=&#8221;4.27.4&#8243; _module_preset=&#8221;default&#8221; custom_button=&#8221;on&#8221; button_text_size=&#8221;18px&#8221; button_text_color=&#8221;#FFFFFF&#8221; button_bg_color=&#8221;#01575f&#8221; button_border_width=&#8221;0px&#8221; button_border_radius=&#8221;0px&#8221; button_font=&#8221;|600|||||||&#8221; button_use_icon=&#8221;off&#8221; locked=&#8221;off&#8221; global_colors_info=&#8221;{}&#8221; button_border_width__hover_enabled=&#8221;on|hover&#8221; button_letter_spacing__hover_enabled=&#8221;on|desktop&#8221; button_letter_spacing__hover=&#8221;&#8221; button_border_width__hover=&#8221;0px&#8221; button_bg_color__hover_enabled=&#8221;on|hover&#8221; button_bg_color__hover=&#8221;#27b5be&#8221; button_bg_enable_color__hover=&#8221;on&#8221;][\/et_pb_button][\/et_pb_column][et_pb_column type=&#8221;1_4&#8243; _builder_version=&#8221;4.17.4&#8243; _module_preset=&#8221;default&#8221; global_colors_info=&#8221;{}&#8221;][et_pb_team_member name=&#8221;Lilli Sprung&#8221; position=&#8221;Junior Program Manager&#8221; image_url=&#8221;https:\/\/insurlab-germany.com\/wp-content\/uploads\/2025\/04\/InsurLab_Lilli.jpg&#8221; _builder_version=&#8221;4.27.4&#8243; _module_preset=&#8221;default&#8221; global_colors_info=&#8221;{}&#8221;][\/et_pb_team_member][\/et_pb_column][\/et_pb_row][\/et_pb_section]<\/p>\n","protected":false},"excerpt":{"rendered":"<p>KURZ, DIGITAL, AUF DEN PUNKT \u2013 KOMPAKTES WISSEN UND FRISCHE INSIGHTS ZU AKTUELLEN BRANCHENTHEMEN In unseren Webinaren bieten wir kompaktes Wissen zu aktuellen Themen der Versicherungswirtschaft sowie branchen\u00fcbergreifende Blickwinkel. Wir thematisieren Trends, Innovationen und frische Impulse \u2013 direkt aus der Praxis und relevant f\u00fcr die t\u00e4gliche Arbeit. In rund einer Stunde erhalten Teilnehmer:innen Insights von [&hellip;]<\/p>\n","protected":false},"author":7,"featured_media":25642,"parent":11832,"menu_order":0,"comment_status":"closed","ping_status":"closed","template":"","meta":{"_et_pb_use_builder":"on","_et_pb_old_content":"","_et_gb_content_width":"","content-type":"","footnotes":""},"class_list":["post-25630","page","type-page","status-publish","has-post-thumbnail","hentry"],"yoast_head":"<!-- This site is optimized with the Yoast SEO plugin v27.4 - https:\/\/yoast.com\/product\/yoast-seo-wordpress\/ -->\n<title>Webinare - InsurLab Germany<\/title>\n<meta name=\"description\" content=\"Kompakte Webinare f\u00fcr die Versicherungswirtschaft: Trends, Themen, Best Practices \u2013 online, aktuell und praxisorientiert!\" \/>\n<meta name=\"robots\" content=\"index, follow, max-snippet:-1, max-image-preview:large, max-video-preview:-1\" \/>\n<link rel=\"canonical\" href=\"https:\/\/insurlab-germany.com\/de\/wertangebot\/webinare\/\" \/>\n<meta property=\"og:locale\" content=\"de_DE\" \/>\n<meta property=\"og:type\" content=\"article\" \/>\n<meta property=\"og:title\" content=\"Webinare - InsurLab Germany\" \/>\n<meta property=\"og:description\" content=\"Kompakte Webinare f\u00fcr die Versicherungswirtschaft: Trends, Themen, Best Practices \u2013 online, aktuell und praxisorientiert!\" \/>\n<meta property=\"og:url\" content=\"https:\/\/insurlab-germany.com\/de\/wertangebot\/webinare\/\" \/>\n<meta property=\"og:site_name\" content=\"InsurLab Germany\" \/>\n<meta property=\"article:publisher\" content=\"https:\/\/www.facebook.com\/InsurLabGermany\/\" \/>\n<meta property=\"article:modified_time\" content=\"2025-06-20T10:51:22+00:00\" \/>\n<meta property=\"og:image\" content=\"https:\/\/insurlab-germany.com\/wp-content\/uploads\/2025\/06\/ILG_Kachel_Webinar.jpg\" \/>\n\t<meta property=\"og:image:width\" content=\"1024\" \/>\n\t<meta property=\"og:image:height\" content=\"1024\" \/>\n\t<meta property=\"og:image:type\" content=\"image\/jpeg\" \/>\n<meta name=\"twitter:card\" content=\"summary_large_image\" \/>\n<meta name=\"twitter:site\" content=\"@InsurLabDE\" \/>\n<meta name=\"twitter:label1\" content=\"Gesch\u00e4tzte Lesezeit\" \/>\n\t<meta name=\"twitter:data1\" content=\"2\u00a0Minuten\" \/>\n<script type=\"application\/ld+json\" class=\"yoast-schema-graph\">{\"@context\":\"https:\\\/\\\/schema.org\",\"@graph\":[{\"@type\":\"WebPage\",\"@id\":\"https:\\\/\\\/insurlab-germany.com\\\/wertangebot\\\/webinare\\\/\",\"url\":\"https:\\\/\\\/insurlab-germany.com\\\/wertangebot\\\/webinare\\\/\",\"name\":\"Webinare - InsurLab Germany\",\"isPartOf\":{\"@id\":\"https:\\\/\\\/insurlab-germany.com\\\/#website\"},\"primaryImageOfPage\":{\"@id\":\"https:\\\/\\\/insurlab-germany.com\\\/wertangebot\\\/webinare\\\/#primaryimage\"},\"image\":{\"@id\":\"https:\\\/\\\/insurlab-germany.com\\\/wertangebot\\\/webinare\\\/#primaryimage\"},\"thumbnailUrl\":\"https:\\\/\\\/insurlab-germany.com\\\/wp-content\\\/uploads\\\/2025\\\/06\\\/ILG_Kachel_Webinar.jpg\",\"datePublished\":\"2025-06-20T10:51:19+00:00\",\"dateModified\":\"2025-06-20T10:51:22+00:00\",\"description\":\"Kompakte Webinare f\u00fcr die Versicherungswirtschaft: Trends, Themen, Best Practices \u2013 online, aktuell und praxisorientiert!\",\"breadcrumb\":{\"@id\":\"https:\\\/\\\/insurlab-germany.com\\\/wertangebot\\\/webinare\\\/#breadcrumb\"},\"inLanguage\":\"de\",\"potentialAction\":[{\"@type\":\"ReadAction\",\"target\":[\"https:\\\/\\\/insurlab-germany.com\\\/wertangebot\\\/webinare\\\/\"]}]},{\"@type\":\"ImageObject\",\"inLanguage\":\"de\",\"@id\":\"https:\\\/\\\/insurlab-germany.com\\\/wertangebot\\\/webinare\\\/#primaryimage\",\"url\":\"https:\\\/\\\/insurlab-germany.com\\\/wp-content\\\/uploads\\\/2025\\\/06\\\/ILG_Kachel_Webinar.jpg\",\"contentUrl\":\"https:\\\/\\\/insurlab-germany.com\\\/wp-content\\\/uploads\\\/2025\\\/06\\\/ILG_Kachel_Webinar.jpg\",\"width\":1024,\"height\":1024},{\"@type\":\"BreadcrumbList\",\"@id\":\"https:\\\/\\\/insurlab-germany.com\\\/wertangebot\\\/webinare\\\/#breadcrumb\",\"itemListElement\":[{\"@type\":\"ListItem\",\"position\":1,\"name\":\"Startseite\",\"item\":\"https:\\\/\\\/insurlab-germany.com\\\/de\\\/\"},{\"@type\":\"ListItem\",\"position\":2,\"name\":\"Wertangebot\",\"item\":\"https:\\\/\\\/insurlab-germany.com\\\/wertangebot\\\/\"},{\"@type\":\"ListItem\",\"position\":3,\"name\":\"Webinare\"}]},{\"@type\":\"WebSite\",\"@id\":\"https:\\\/\\\/insurlab-germany.com\\\/#website\",\"url\":\"https:\\\/\\\/insurlab-germany.com\\\/\",\"name\":\"InsurLab Germany\",\"description\":\"Let&#039;s #InnovateInsurance!\",\"publisher\":{\"@id\":\"https:\\\/\\\/insurlab-germany.com\\\/#organization\"},\"potentialAction\":[{\"@type\":\"SearchAction\",\"target\":{\"@type\":\"EntryPoint\",\"urlTemplate\":\"https:\\\/\\\/insurlab-germany.com\\\/?s={search_term_string}\"},\"query-input\":{\"@type\":\"PropertyValueSpecification\",\"valueRequired\":true,\"valueName\":\"search_term_string\"}}],\"inLanguage\":\"de\"},{\"@type\":\"Organization\",\"@id\":\"https:\\\/\\\/insurlab-germany.com\\\/#organization\",\"name\":\"InsurLab Germany\",\"url\":\"https:\\\/\\\/insurlab-germany.com\\\/\",\"logo\":{\"@type\":\"ImageObject\",\"inLanguage\":\"de\",\"@id\":\"https:\\\/\\\/insurlab-germany.com\\\/#\\\/schema\\\/logo\\\/image\\\/\",\"url\":\"https:\\\/\\\/insurlab-germany.com\\\/wp-content\\\/uploads\\\/2022\\\/03\\\/website_logo_ohnelink.png\",\"contentUrl\":\"https:\\\/\\\/insurlab-germany.com\\\/wp-content\\\/uploads\\\/2022\\\/03\\\/website_logo_ohnelink.png\",\"width\":640,\"height\":245,\"caption\":\"InsurLab Germany\"},\"image\":{\"@id\":\"https:\\\/\\\/insurlab-germany.com\\\/#\\\/schema\\\/logo\\\/image\\\/\"},\"sameAs\":[\"https:\\\/\\\/www.facebook.com\\\/InsurLabGermany\\\/\",\"https:\\\/\\\/x.com\\\/InsurLabDE\",\"https:\\\/\\\/www.instagram.com\\\/insurlab_germany\\\/\",\"https:\\\/\\\/www.linkedin.com\\\/company\\\/insurlab-germany-e-v\"]}]}<\/script>\n<!-- \/ Yoast SEO plugin. -->","yoast_head_json":{"title":"Webinare - InsurLab Germany","description":"Kompakte Webinare f\u00fcr die Versicherungswirtschaft: Trends, Themen, Best Practices \u2013 online, aktuell und praxisorientiert!","robots":{"index":"index","follow":"follow","max-snippet":"max-snippet:-1","max-image-preview":"max-image-preview:large","max-video-preview":"max-video-preview:-1"},"canonical":"https:\/\/insurlab-germany.com\/de\/wertangebot\/webinare\/","og_locale":"de_DE","og_type":"article","og_title":"Webinare - InsurLab Germany","og_description":"Kompakte Webinare f\u00fcr die Versicherungswirtschaft: Trends, Themen, Best Practices \u2013 online, aktuell und praxisorientiert!","og_url":"https:\/\/insurlab-germany.com\/de\/wertangebot\/webinare\/","og_site_name":"InsurLab Germany","article_publisher":"https:\/\/www.facebook.com\/InsurLabGermany\/","article_modified_time":"2025-06-20T10:51:22+00:00","og_image":[{"width":1024,"height":1024,"url":"https:\/\/insurlab-germany.com\/wp-content\/uploads\/2025\/06\/ILG_Kachel_Webinar.jpg","type":"image\/jpeg"}],"twitter_card":"summary_large_image","twitter_site":"@InsurLabDE","twitter_misc":{"Gesch\u00e4tzte Lesezeit":"2\u00a0Minuten"},"schema":{"@context":"https:\/\/schema.org","@graph":[{"@type":"WebPage","@id":"https:\/\/insurlab-germany.com\/wertangebot\/webinare\/","url":"https:\/\/insurlab-germany.com\/wertangebot\/webinare\/","name":"Webinare - InsurLab Germany","isPartOf":{"@id":"https:\/\/insurlab-germany.com\/#website"},"primaryImageOfPage":{"@id":"https:\/\/insurlab-germany.com\/wertangebot\/webinare\/#primaryimage"},"image":{"@id":"https:\/\/insurlab-germany.com\/wertangebot\/webinare\/#primaryimage"},"thumbnailUrl":"https:\/\/insurlab-germany.com\/wp-content\/uploads\/2025\/06\/ILG_Kachel_Webinar.jpg","datePublished":"2025-06-20T10:51:19+00:00","dateModified":"2025-06-20T10:51:22+00:00","description":"Kompakte Webinare f\u00fcr die Versicherungswirtschaft: Trends, Themen, Best Practices \u2013 online, aktuell und praxisorientiert!","breadcrumb":{"@id":"https:\/\/insurlab-germany.com\/wertangebot\/webinare\/#breadcrumb"},"inLanguage":"de","potentialAction":[{"@type":"ReadAction","target":["https:\/\/insurlab-germany.com\/wertangebot\/webinare\/"]}]},{"@type":"ImageObject","inLanguage":"de","@id":"https:\/\/insurlab-germany.com\/wertangebot\/webinare\/#primaryimage","url":"https:\/\/insurlab-germany.com\/wp-content\/uploads\/2025\/06\/ILG_Kachel_Webinar.jpg","contentUrl":"https:\/\/insurlab-germany.com\/wp-content\/uploads\/2025\/06\/ILG_Kachel_Webinar.jpg","width":1024,"height":1024},{"@type":"BreadcrumbList","@id":"https:\/\/insurlab-germany.com\/wertangebot\/webinare\/#breadcrumb","itemListElement":[{"@type":"ListItem","position":1,"name":"Startseite","item":"https:\/\/insurlab-germany.com\/de\/"},{"@type":"ListItem","position":2,"name":"Wertangebot","item":"https:\/\/insurlab-germany.com\/wertangebot\/"},{"@type":"ListItem","position":3,"name":"Webinare"}]},{"@type":"WebSite","@id":"https:\/\/insurlab-germany.com\/#website","url":"https:\/\/insurlab-germany.com\/","name":"InsurLab Germany","description":"Let&#039;s #InnovateInsurance!","publisher":{"@id":"https:\/\/insurlab-germany.com\/#organization"},"potentialAction":[{"@type":"SearchAction","target":{"@type":"EntryPoint","urlTemplate":"https:\/\/insurlab-germany.com\/?s={search_term_string}"},"query-input":{"@type":"PropertyValueSpecification","valueRequired":true,"valueName":"search_term_string"}}],"inLanguage":"de"},{"@type":"Organization","@id":"https:\/\/insurlab-germany.com\/#organization","name":"InsurLab Germany","url":"https:\/\/insurlab-germany.com\/","logo":{"@type":"ImageObject","inLanguage":"de","@id":"https:\/\/insurlab-germany.com\/#\/schema\/logo\/image\/","url":"https:\/\/insurlab-germany.com\/wp-content\/uploads\/2022\/03\/website_logo_ohnelink.png","contentUrl":"https:\/\/insurlab-germany.com\/wp-content\/uploads\/2022\/03\/website_logo_ohnelink.png","width":640,"height":245,"caption":"InsurLab Germany"},"image":{"@id":"https:\/\/insurlab-germany.com\/#\/schema\/logo\/image\/"},"sameAs":["https:\/\/www.facebook.com\/InsurLabGermany\/","https:\/\/x.com\/InsurLabDE","https:\/\/www.instagram.com\/insurlab_germany\/","https:\/\/www.linkedin.com\/company\/insurlab-germany-e-v"]}]}},"_links":{"self":[{"href":"https:\/\/insurlab-germany.com\/de\/wp-json\/wp\/v2\/pages\/25630","targetHints":{"allow":["GET"]}}],"collection":[{"href":"https:\/\/insurlab-germany.com\/de\/wp-json\/wp\/v2\/pages"}],"about":[{"href":"https:\/\/insurlab-germany.com\/de\/wp-json\/wp\/v2\/types\/page"}],"author":[{"embeddable":true,"href":"https:\/\/insurlab-germany.com\/de\/wp-json\/wp\/v2\/users\/7"}],"replies":[{"embeddable":true,"href":"https:\/\/insurlab-germany.com\/de\/wp-json\/wp\/v2\/comments?post=25630"}],"version-history":[{"count":5,"href":"https:\/\/insurlab-germany.com\/de\/wp-json\/wp\/v2\/pages\/25630\/revisions"}],"predecessor-version":[{"id":25643,"href":"https:\/\/insurlab-germany.com\/de\/wp-json\/wp\/v2\/pages\/25630\/revisions\/25643"}],"up":[{"embeddable":true,"href":"https:\/\/insurlab-germany.com\/de\/wp-json\/wp\/v2\/pages\/11832"}],"wp:featuredmedia":[{"embeddable":true,"href":"https:\/\/insurlab-germany.com\/de\/wp-json\/wp\/v2\/media\/25642"}],"wp:attachment":[{"href":"https:\/\/insurlab-germany.com\/de\/wp-json\/wp\/v2\/media?parent=25630"}],"curies":[{"name":"wp","href":"https:\/\/api.w.org\/{rel}","templated":true}]}}