{"id":26881,"date":"2026-01-28T15:00:10","date_gmt":"2026-01-28T14:00:10","guid":{"rendered":"https:\/\/insurlab-germany.com\/?page_id=26881"},"modified":"2026-01-28T15:12:09","modified_gmt":"2026-01-28T14:12:09","slug":"venture-clienting","status":"publish","type":"page","link":"https:\/\/insurlab-germany.com\/de\/wertangebot\/venture-clienting\/","title":{"rendered":"Venture Clienting"},"content":{"rendered":"<p>[et_pb_section fb_built=&#8221;1&#8243; fullwidth=&#8221;on&#8221; _builder_version=&#8221;4.27.5&#8243; _module_preset=&#8221;e10bf903-6d02-442c-80fc-07620cd52979&#8243; background_image=&#8221;https:\/\/insurlab-germany.com\/wp-content\/uploads\/2026\/01\/shutterstock_559840762_Venture_Clienting.jpg&#8221; background_size=&#8221;custom&#8221; background_image_width=&#8221;57%&#8221; background_position=&#8221;center_right&#8221; global_colors_info=&#8221;{}&#8221;][et_pb_fullwidth_header title=&#8221;Venture Clienting&#8221; _builder_version=&#8221;4.27.5&#8243; _module_preset=&#8221;default&#8221; title_font=&#8221;|600||on|||||&#8221; background_enable_color=&#8221;off&#8221; background_image=&#8221;https:\/\/insurlab-germany.com\/wp-content\/uploads\/2022\/06\/InsurLab-header-layer.png&#8221; global_colors_info=&#8221;{}&#8221;][\/et_pb_fullwidth_header][\/et_pb_section][et_pb_section fb_built=&#8221;1&#8243; _builder_version=&#8221;4.17.4&#8243; _module_preset=&#8221;default&#8221; global_colors_info=&#8221;{}&#8221;][et_pb_row _builder_version=&#8221;4.16&#8243; _module_preset=&#8221;default&#8221; locked=&#8221;off&#8221; global_colors_info=&#8221;{}&#8221;][et_pb_column type=&#8221;4_4&#8243; _builder_version=&#8221;4.16&#8243; _module_preset=&#8221;default&#8221; global_colors_info=&#8221;{}&#8221;][et_pb_text _builder_version=&#8221;4.27.5&#8243; _module_preset=&#8221;69b8b9cd-3a3c-4327-b867-c8ccc94aa8cb&#8221; global_colors_info=&#8221;{}&#8221;]<\/p>\n<h2>KOLLABORATION ALS STRATEGISCHER HEBEL F\u00dcR NACHHALTIGE INNOVATION UND TRANSFORMATION<strong><\/strong><\/h2>\n<p>[\/et_pb_text][\/et_pb_column][\/et_pb_row][et_pb_row _builder_version=&#8221;4.17.4&#8243; _module_preset=&#8221;default&#8221; global_colors_info=&#8221;{}&#8221;][et_pb_column type=&#8221;4_4&#8243; _builder_version=&#8221;4.17.4&#8243; _module_preset=&#8221;default&#8221; global_colors_info=&#8221;{}&#8221;][et_pb_text _builder_version=&#8221;4.27.5&#8243; _module_preset=&#8221;default&#8221; hover_enabled=&#8221;0&#8243; global_colors_info=&#8221;{}&#8221; sticky_enabled=&#8221;0&#8243;]<\/p>\n<p>Als InsurLab Germany verstehen wir <strong>Venture Clienting\u00a0<\/strong>als strukturierten Lern- und Kooperationsprozess entlang realer Entscheidungsbedarfe. Dabei agieren wir als neutrale Instanz mit Fokus auf Rahmensetzung, Austausch und Weiterentwicklung und schaffen einen verl\u00e4sslichen Rahmen f\u00fcr tragf\u00e4hige Kooperationen.<\/p>\n<div class=\"flex flex-col text-sm pb-25\">\n<article class=\"text-token-text-primary w-full focus:outline-none [--shadow-height:45px] has-data-writing-block:pointer-events-none has-data-writing-block:-mt-(--shadow-height) has-data-writing-block:pt-(--shadow-height) [&amp;:has([data-writing-block])&gt;*]:pointer-events-auto scroll-mt-[calc(var(--header-height)+min(200px,max(70px,20svh)))]\" dir=\"auto\" data-turn-id=\"request-WEB:ad8b38f1-4f15-418b-97b8-423863241bb5-118\" data-testid=\"conversation-turn-160\" data-scroll-anchor=\"true\" data-turn=\"assistant\" tabindex=\"-1\">\n<div class=\"text-base my-auto mx-auto pb-10 [--thread-content-margin:--spacing(4)] @w-sm\/main:[--thread-content-margin:--spacing(6)] @w-lg\/main:[--thread-content-margin:--spacing(16)] px-(--thread-content-margin)\">\n<div class=\"[--thread-content-max-width:40rem] @w-lg\/main:[--thread-content-max-width:48rem] mx-auto max-w-(--thread-content-max-width) flex-1 group\/turn-messages focus-visible:outline-hidden relative flex w-full min-w-0 flex-col agent-turn\" tabindex=\"-1\">\n<div class=\"flex max-w-full flex-col grow\">\n<div data-message-author-role=\"assistant\" data-message-id=\"81abea8e-c802-4853-ae06-c6f9df4388d6\" dir=\"auto\" class=\"min-h-8 text-message relative flex w-full flex-col items-end gap-2 text-start break-words whitespace-normal [.text-message+&amp;]:mt-1\" data-message-model-slug=\"gpt-5-2\">\n<div class=\"flex w-full flex-col gap-1 empty:hidden first:pt-[1px]\">\n<div class=\"markdown prose dark:prose-invert w-full wrap-break-word light markdown-new-styling\">\n<p data-start=\"405\" data-end=\"718\" data-is-last-node=\"\" data-is-only-node=\"\">Wir machen relevante L\u00f6sungen sicht- und nutzbar, b\u00fcndeln Erfahrungen organisations\u00fcbergreifend und begleiten die Etablierung und Weiterentwicklung von (Mehrparteien-)Kooperationen. So gewinnen Mitgliedsunternehmen Orientierung, Zugang und Handlungssicherheit f\u00fcr tragf\u00e4hige und dauerhaft wirksame Zusammenarbeit.<\/p>\n<\/div>\n<\/div>\n<\/div>\n<\/div>\n<div class=\"z-0 flex min-h-[46px] justify-start\"><\/div>\n<div class=\"mt-3 w-full empty:hidden\">\n<div class=\"text-center\"><\/div>\n<\/div>\n<\/div>\n<\/div>\n<\/article>\n<\/div>\n<div aria-hidden=\"true\" data-edge=\"true\" class=\"pointer-events-none h-px w-px absolute bottom-0\"><\/div>\n<ul><\/ul>\n<p>[\/et_pb_text][\/et_pb_column][\/et_pb_row][et_pb_row _builder_version=&#8221;4.27.5&#8243; _module_preset=&#8221;default&#8221; global_colors_info=&#8221;{}&#8221;][et_pb_column type=&#8221;4_4&#8243; _builder_version=&#8221;4.27.5&#8243; _module_preset=&#8221;default&#8221; global_colors_info=&#8221;{}&#8221;][et_pb_text _builder_version=&#8221;4.27.5&#8243; _module_preset=&#8221;default&#8221; header_font_size=&#8221;40px&#8221; header_2_font=&#8221;|700|||||||&#8221; header_2_text_color=&#8221;#01575f&#8221; header_2_font_size=&#8221;30px&#8221; locked=&#8221;off&#8221; global_colors_info=&#8221;{}&#8221;]<\/p>\n<h2>Mehrwerte durch Venture Clienting<\/h2>\n<p>[\/et_pb_text][et_pb_text _builder_version=&#8221;4.27.5&#8243; _module_preset=&#8221;default&#8221; global_colors_info=&#8221;{}&#8221;]<\/p>\n<p>Venture Clienting schafft Orientierung und Handlungssicherheit \u2013 insbesondere dann, wenn Zusammenarbeit organisations\u00fcbergreifend wirksam werden soll.<\/p>\n<p>[\/et_pb_text][\/et_pb_column][\/et_pb_row][et_pb_row column_structure=&#8221;1_3,1_3,1_3&#8243; _builder_version=&#8221;4.27.2&#8243; _module_preset=&#8221;default&#8221; locked=&#8221;off&#8221; global_colors_info=&#8221;{}&#8221;][et_pb_column type=&#8221;1_3&#8243; _builder_version=&#8221;4.16&#8243; _module_preset=&#8221;default&#8221; global_colors_info=&#8221;{}&#8221;][et_pb_icon font_icon=&#8221;&#xf06e;||fa||400&#8243; icon_width=&#8221;59px&#8221; align=&#8221;left&#8221; _builder_version=&#8221;4.27.5&#8243; _module_preset=&#8221;default&#8221; global_colors_info=&#8221;{}&#8221;][\/et_pb_icon][et_pb_text _builder_version=&#8221;4.27.5&#8243; _module_preset=&#8221;default&#8221; global_colors_info=&#8221;{}&#8221;]<\/p>\n<h2>Klarheit<\/h2>\n<p>aus der strukturierten Spiegelung realer Entscheidungsbedarfe.<\/p>\n<p>[\/et_pb_text][et_pb_icon font_icon=&#8221;&#xe01c;||divi||400&#8243; icon_width=&#8221;59px&#8221; align=&#8221;left&#8221; _builder_version=&#8221;4.27.5&#8243; _module_preset=&#8221;default&#8221; global_colors_info=&#8221;{}&#8221;][\/et_pb_icon][et_pb_text _builder_version=&#8221;4.27.5&#8243; _module_preset=&#8221;default&#8221; global_colors_info=&#8221;{}&#8221;]<\/p>\n<h2>Orientierung<\/h2>\n<p>durch geb\u00fcndelte Erfahrungen aus organisations\u00fcbergreifender Zusammenarbeit.<\/p>\n<p>[\/et_pb_text][\/et_pb_column][et_pb_column type=&#8221;1_3&#8243; _builder_version=&#8221;4.16&#8243; _module_preset=&#8221;default&#8221; global_colors_info=&#8221;{}&#8221;][et_pb_icon font_icon=&#8221;&#xf52b;||fa||900&#8243; icon_width=&#8221;59px&#8221; align=&#8221;left&#8221; _builder_version=&#8221;4.27.5&#8243; _module_preset=&#8221;default&#8221; global_colors_info=&#8221;{}&#8221;][\/et_pb_icon][et_pb_text _builder_version=&#8221;4.27.5&#8243; _module_preset=&#8221;default&#8221; global_colors_info=&#8221;{}&#8221;]<\/p>\n<h2>Zugang<\/h2>\n<p data-start=\"246\" data-end=\"328\">zu kuratierten Start- und Scale-ups entlang konkreter Fragestellungen.<\/p>\n<p>[\/et_pb_text][et_pb_icon font_icon=&#8221;&#xf560;||fa||900&#8243; icon_width=&#8221;59px&#8221; align=&#8221;left&#8221; _builder_version=&#8221;4.27.5&#8243; _module_preset=&#8221;default&#8221; global_colors_info=&#8221;{}&#8221;][\/et_pb_icon][et_pb_text _builder_version=&#8221;4.27.5&#8243; _module_preset=&#8221;default&#8221; global_colors_info=&#8221;{}&#8221;]<\/p>\n<h2>Tragf\u00e4higkeit<\/h2>\n<p>weil Kooperationen strukturiert begleitet werden und verl\u00e4sslich arbeitsf\u00e4hig bleiben.<\/p>\n<p>&nbsp;<\/p>\n<p>&nbsp;<\/p>\n<p>[\/et_pb_text][\/et_pb_column][et_pb_column type=&#8221;1_3&#8243; _builder_version=&#8221;4.16&#8243; _module_preset=&#8221;default&#8221; global_colors_info=&#8221;{}&#8221;][et_pb_icon font_icon=&#8221;&#xf505;||fa||900&#8243; icon_width=&#8221;59px&#8221; align=&#8221;left&#8221; _builder_version=&#8221;4.27.5&#8243; _module_preset=&#8221;default&#8221; global_colors_info=&#8221;{}&#8221;][\/et_pb_icon][et_pb_text _builder_version=&#8221;4.27.5&#8243; _module_preset=&#8221;default&#8221; global_colors_info=&#8221;{}&#8221;]<\/p>\n<h2>Handlungssicherheit<\/h2>\n<p>durch klare Rollen, Zielbilder und Erwartungshaltungen.<\/p>\n<p>[\/et_pb_text][et_pb_icon font_icon=&#8221;&#x30;||divi||400&#8243; icon_width=&#8221;59px&#8221; align=&#8221;left&#8221; _builder_version=&#8221;4.27.5&#8243; _module_preset=&#8221;default&#8221; global_colors_info=&#8221;{}&#8221;][\/et_pb_icon][et_pb_text _builder_version=&#8221;4.27.5&#8243; _module_preset=&#8221;default&#8221; global_colors_info=&#8221;{}&#8221;]<\/p>\n<h2>Weiterentwicklung<\/h2>\n<p>durch Reflexion, Einordnung und Reframing von L\u00f6sungsans\u00e4tzen.<\/p>\n<p>[\/et_pb_text][\/et_pb_column][\/et_pb_row][et_pb_row _builder_version=&#8221;4.27.5&#8243; _module_preset=&#8221;default&#8221; global_colors_info=&#8221;{}&#8221;][et_pb_column type=&#8221;4_4&#8243; _builder_version=&#8221;4.27.5&#8243; _module_preset=&#8221;default&#8221; global_colors_info=&#8221;{}&#8221;][et_pb_text _builder_version=&#8221;4.27.5&#8243; _module_preset=&#8221;default&#8221; header_font_size=&#8221;40px&#8221; header_2_font=&#8221;|700|||||||&#8221; header_2_text_color=&#8221;#01575f&#8221; header_2_font_size=&#8221;30px&#8221; locked=&#8221;off&#8221; global_colors_info=&#8221;{}&#8221;]<\/p>\n<h2>Venture-Clienting-Angebote<\/h2>\n<p>[\/et_pb_text][\/et_pb_column][\/et_pb_row][et_pb_row column_structure=&#8221;1_2,1_2&#8243; _builder_version=&#8221;4.27.5&#8243; _module_preset=&#8221;default&#8221; global_colors_info=&#8221;{}&#8221;][et_pb_column type=&#8221;1_2&#8243; _builder_version=&#8221;4.27.5&#8243; _module_preset=&#8221;default&#8221; global_colors_info=&#8221;{}&#8221;][et_pb_text _builder_version=&#8221;4.27.5&#8243; _module_preset=&#8221;default&#8221; global_colors_info=&#8221;{}&#8221;]<\/p>\n<h3 data-start=\"870\" data-end=\"1220\"><strong data-start=\"870\" data-end=\"882\">Scouting &amp; Matchmaking<\/strong><\/h3>\n<p data-start=\"870\" data-end=\"1220\">Wir bieten unseren Mitgliedern einen <strong>individueller Scouting- und Matchmaking-Service<\/strong> f\u00fcr strategische Fokusfelder und konkrete Problemstellungen. Nach der Vorauswahl stellen wir passende Start-ups und Scale-ups auch direkt vor. Mitglieder erhalten zudem Zugang zur <strong>Innovation Map<\/strong> &#8211; einer Plattform mit 250+ kuratierten Start-ups und Scale-ups, die \u00fcber KI-gest\u00fctzte Suchfunktionen passende Anbieter f\u00fcr konkrete Fragestellungen auffindbar macht.<\/p>\n<p>[\/et_pb_text][\/et_pb_column][et_pb_column type=&#8221;1_2&#8243; _builder_version=&#8221;4.27.5&#8243; _module_preset=&#8221;default&#8221; global_colors_info=&#8221;{}&#8221;][et_pb_text _builder_version=&#8221;4.27.5&#8243; _module_preset=&#8221;default&#8221; global_colors_info=&#8221;{}&#8221;]<\/p>\n<h3 data-start=\"1222\" data-end=\"1569\"><strong data-start=\"1222\" data-end=\"1238\">Collaborator<\/strong><\/h3>\n<p data-start=\"114\" data-end=\"545\">Mit dem <a href=\"https:\/\/insurlab-germany.com\/de\/startups-und-scaleups\/collaborator\/\"><strong>Collaborator<\/strong><\/a> st\u00e4rken wir die strukturierte Zusammenarbeit zwischen Versicherern und Start-ups bzw. Scale-ups \u00fcber einen definierten Zeitraum. Gemeinsam entwickeln Versicherer und L\u00f6sungsanbieter Use Cases und arbeiten kontinuierlich an deren Validierung und Weiterentwicklung. Im Fokus steht die praktische Zusammenarbeit mit messbarem Fortschritt, erg\u00e4nzt durch regelm\u00e4\u00dfigen Austausch und gemeinsame Reflexion als Grundlage f\u00fcr tragf\u00e4hige Kooperationen.<\/p>\n<p>[\/et_pb_text][\/et_pb_column][\/et_pb_row][\/et_pb_section][et_pb_section fb_built=&#8221;1&#8243; _builder_version=&#8221;4.21.0&#8243; _module_preset=&#8221;default&#8221; background_color=&#8221;#f7f7f7&#8243; custom_padding=&#8221;0px||||false|false&#8221; locked=&#8221;off&#8221; global_colors_info=&#8221;{}&#8221;][et_pb_row column_structure=&#8221;3_4,1_4&#8243; _builder_version=&#8221;4.22.1&#8243; _module_preset=&#8221;default&#8221; locked=&#8221;off&#8221; global_colors_info=&#8221;{}&#8221;][et_pb_column type=&#8221;3_4&#8243; _builder_version=&#8221;4.17.4&#8243; _module_preset=&#8221;default&#8221; global_colors_info=&#8221;{}&#8221;][et_pb_text _builder_version=&#8221;4.17.4&#8243; _module_preset=&#8221;default&#8221; global_colors_info=&#8221;{}&#8221;][\/et_pb_text][et_pb_text _builder_version=&#8221;4.22.1&#8243; _module_preset=&#8221;default&#8221; global_colors_info=&#8221;{}&#8221;]<\/p>\n<h2><strong><span style=\"color: #01575e;\">Kontaktieren Sie uns<\/span><\/strong><\/h2>\n<p>Wenn Sie als Mitgliedsunternehmen auf der Suche nach geeigneten L\u00f6sungsanbietern f\u00fcr ein bestimmtes Problem sind und\/oder sich allgemein f\u00fcr unser Start-up- und Scale-up-\u00d6kosystem interessieren, k\u00f6nnen Sie uns gerne kontaktieren!<\/p>\n<p>[\/et_pb_text][et_pb_button button_url=&#8221;mailto:robert.richstein@insurlab-germany.com;%20connect@insurlab-germany.com&#8221; url_new_window=&#8221;on&#8221; button_text=&#8221;Kontakt mit uns aufnehmen&#8221; button_alignment=&#8221;center&#8221; _builder_version=&#8221;4.20.0&#8243; _module_preset=&#8221;default&#8221; custom_button=&#8221;on&#8221; button_text_size=&#8221;18px&#8221; button_text_color=&#8221;#FFFFFF&#8221; button_bg_color=&#8221;#01575f&#8221; button_border_width=&#8221;0px&#8221; button_border_radius=&#8221;0px&#8221; button_font=&#8221;|600|||||||&#8221; button_use_icon=&#8221;off&#8221; locked=&#8221;off&#8221; global_colors_info=&#8221;{}&#8221; button_border_width__hover_enabled=&#8221;on|hover&#8221; button_letter_spacing__hover_enabled=&#8221;on|desktop&#8221; button_letter_spacing__hover=&#8221;&#8221; button_border_width__hover=&#8221;0px&#8221; button_bg_color__hover_enabled=&#8221;on|hover&#8221; button_bg_color__hover=&#8221;#27b5be&#8221; button_bg_enable_color__hover=&#8221;on&#8221;][\/et_pb_button][\/et_pb_column][et_pb_column type=&#8221;1_4&#8243; _builder_version=&#8221;4.17.4&#8243; _module_preset=&#8221;default&#8221; global_colors_info=&#8221;{}&#8221;][et_pb_team_member name=&#8221;Dr. Robert Richstein&#8221; position=&#8221;Senior Program Manager&#8221; image_url=&#8221;https:\/\/insurlab-germany.com\/wp-content\/uploads\/2023\/08\/Dr_RobertRichstein_2023.jpg&#8221; _builder_version=&#8221;4.27.5&#8243; _module_preset=&#8221;default&#8221; global_colors_info=&#8221;{}&#8221;][\/et_pb_team_member][\/et_pb_column][\/et_pb_row][\/et_pb_section]<\/p>\n","protected":false},"excerpt":{"rendered":"<p>KOLLABORATION ALS STRATEGISCHER HEBEL F\u00dcR NACHHALTIGE INNOVATION UND TRANSFORMATIONAls InsurLab Germany verstehen wir Venture Clienting\u00a0als strukturierten Lern- und Kooperationsprozess entlang realer Entscheidungsbedarfe. Dabei agieren wir als neutrale Instanz mit Fokus auf Rahmensetzung, Austausch und Weiterentwicklung und schaffen einen verl\u00e4sslichen Rahmen f\u00fcr tragf\u00e4hige Kooperationen. Wir machen relevante L\u00f6sungen sicht- und nutzbar, b\u00fcndeln Erfahrungen organisations\u00fcbergreifend und begleiten [&hellip;]<\/p>\n","protected":false},"author":7,"featured_media":0,"parent":11832,"menu_order":0,"comment_status":"closed","ping_status":"closed","template":"","meta":{"_et_pb_use_builder":"on","_et_pb_old_content":"","_et_gb_content_width":"","content-type":"","footnotes":""},"class_list":["post-26881","page","type-page","status-publish","hentry"],"yoast_head":"<!-- This site is optimized with the Yoast SEO plugin v27.4 - https:\/\/yoast.com\/product\/yoast-seo-wordpress\/ -->\n<title>Venture Clienting - InsurLab Germany<\/title>\n<meta name=\"description\" content=\"Das InsurLab Germany erm\u00f6glicht Venture Clienting als strategischen Hebel: Strukturiert, kuratiert und kooperationsorientiert.\" \/>\n<meta name=\"robots\" content=\"index, follow, max-snippet:-1, max-image-preview:large, max-video-preview:-1\" \/>\n<link rel=\"canonical\" href=\"https:\/\/insurlab-germany.com\/de\/wertangebot\/venture-clienting\/\" \/>\n<meta property=\"og:locale\" content=\"de_DE\" \/>\n<meta property=\"og:type\" content=\"article\" \/>\n<meta property=\"og:title\" content=\"Venture Clienting - InsurLab Germany\" \/>\n<meta property=\"og:description\" content=\"Das InsurLab Germany erm\u00f6glicht Venture Clienting als strategischen Hebel: Strukturiert, kuratiert und kooperationsorientiert.\" \/>\n<meta property=\"og:url\" content=\"https:\/\/insurlab-germany.com\/de\/wertangebot\/venture-clienting\/\" \/>\n<meta property=\"og:site_name\" content=\"InsurLab Germany\" \/>\n<meta property=\"article:publisher\" content=\"https:\/\/www.facebook.com\/InsurLabGermany\/\" \/>\n<meta property=\"article:modified_time\" content=\"2026-01-28T14:12:09+00:00\" \/>\n<meta name=\"twitter:card\" content=\"summary_large_image\" \/>\n<meta name=\"twitter:site\" content=\"@InsurLabDE\" \/>\n<meta name=\"twitter:label1\" content=\"Gesch\u00e4tzte Lesezeit\" \/>\n\t<meta name=\"twitter:data1\" content=\"2\u00a0Minuten\" \/>\n<script type=\"application\/ld+json\" class=\"yoast-schema-graph\">{\"@context\":\"https:\\\/\\\/schema.org\",\"@graph\":[{\"@type\":\"WebPage\",\"@id\":\"https:\\\/\\\/insurlab-germany.com\\\/de\\\/wertangebot\\\/venture-clienting\\\/\",\"url\":\"https:\\\/\\\/insurlab-germany.com\\\/de\\\/wertangebot\\\/venture-clienting\\\/\",\"name\":\"Venture Clienting - InsurLab Germany\",\"isPartOf\":{\"@id\":\"https:\\\/\\\/insurlab-germany.com\\\/#website\"},\"datePublished\":\"2026-01-28T14:00:10+00:00\",\"dateModified\":\"2026-01-28T14:12:09+00:00\",\"description\":\"Das InsurLab Germany erm\u00f6glicht Venture Clienting als strategischen Hebel: Strukturiert, kuratiert und kooperationsorientiert.\",\"breadcrumb\":{\"@id\":\"https:\\\/\\\/insurlab-germany.com\\\/de\\\/wertangebot\\\/venture-clienting\\\/#breadcrumb\"},\"inLanguage\":\"de\",\"potentialAction\":[{\"@type\":\"ReadAction\",\"target\":[\"https:\\\/\\\/insurlab-germany.com\\\/de\\\/wertangebot\\\/venture-clienting\\\/\"]}]},{\"@type\":\"BreadcrumbList\",\"@id\":\"https:\\\/\\\/insurlab-germany.com\\\/de\\\/wertangebot\\\/venture-clienting\\\/#breadcrumb\",\"itemListElement\":[{\"@type\":\"ListItem\",\"position\":1,\"name\":\"Startseite\",\"item\":\"https:\\\/\\\/insurlab-germany.com\\\/de\\\/\"},{\"@type\":\"ListItem\",\"position\":2,\"name\":\"Wertangebot\",\"item\":\"https:\\\/\\\/insurlab-germany.com\\\/wertangebot\\\/\"},{\"@type\":\"ListItem\",\"position\":3,\"name\":\"Venture Clienting\"}]},{\"@type\":\"WebSite\",\"@id\":\"https:\\\/\\\/insurlab-germany.com\\\/#website\",\"url\":\"https:\\\/\\\/insurlab-germany.com\\\/\",\"name\":\"InsurLab Germany\",\"description\":\"Let&#039;s #InnovateInsurance!\",\"publisher\":{\"@id\":\"https:\\\/\\\/insurlab-germany.com\\\/#organization\"},\"potentialAction\":[{\"@type\":\"SearchAction\",\"target\":{\"@type\":\"EntryPoint\",\"urlTemplate\":\"https:\\\/\\\/insurlab-germany.com\\\/?s={search_term_string}\"},\"query-input\":{\"@type\":\"PropertyValueSpecification\",\"valueRequired\":true,\"valueName\":\"search_term_string\"}}],\"inLanguage\":\"de\"},{\"@type\":\"Organization\",\"@id\":\"https:\\\/\\\/insurlab-germany.com\\\/#organization\",\"name\":\"InsurLab Germany\",\"url\":\"https:\\\/\\\/insurlab-germany.com\\\/\",\"logo\":{\"@type\":\"ImageObject\",\"inLanguage\":\"de\",\"@id\":\"https:\\\/\\\/insurlab-germany.com\\\/#\\\/schema\\\/logo\\\/image\\\/\",\"url\":\"https:\\\/\\\/insurlab-germany.com\\\/wp-content\\\/uploads\\\/2022\\\/03\\\/website_logo_ohnelink.png\",\"contentUrl\":\"https:\\\/\\\/insurlab-germany.com\\\/wp-content\\\/uploads\\\/2022\\\/03\\\/website_logo_ohnelink.png\",\"width\":640,\"height\":245,\"caption\":\"InsurLab Germany\"},\"image\":{\"@id\":\"https:\\\/\\\/insurlab-germany.com\\\/#\\\/schema\\\/logo\\\/image\\\/\"},\"sameAs\":[\"https:\\\/\\\/www.facebook.com\\\/InsurLabGermany\\\/\",\"https:\\\/\\\/x.com\\\/InsurLabDE\",\"https:\\\/\\\/www.instagram.com\\\/insurlab_germany\\\/\",\"https:\\\/\\\/www.linkedin.com\\\/company\\\/insurlab-germany-e-v\"]}]}<\/script>\n<!-- \/ Yoast SEO plugin. -->","yoast_head_json":{"title":"Venture Clienting - InsurLab Germany","description":"Das InsurLab Germany erm\u00f6glicht Venture Clienting als strategischen Hebel: Strukturiert, kuratiert und kooperationsorientiert.","robots":{"index":"index","follow":"follow","max-snippet":"max-snippet:-1","max-image-preview":"max-image-preview:large","max-video-preview":"max-video-preview:-1"},"canonical":"https:\/\/insurlab-germany.com\/de\/wertangebot\/venture-clienting\/","og_locale":"de_DE","og_type":"article","og_title":"Venture Clienting - InsurLab Germany","og_description":"Das InsurLab Germany erm\u00f6glicht Venture Clienting als strategischen Hebel: Strukturiert, kuratiert und kooperationsorientiert.","og_url":"https:\/\/insurlab-germany.com\/de\/wertangebot\/venture-clienting\/","og_site_name":"InsurLab Germany","article_publisher":"https:\/\/www.facebook.com\/InsurLabGermany\/","article_modified_time":"2026-01-28T14:12:09+00:00","twitter_card":"summary_large_image","twitter_site":"@InsurLabDE","twitter_misc":{"Gesch\u00e4tzte Lesezeit":"2\u00a0Minuten"},"schema":{"@context":"https:\/\/schema.org","@graph":[{"@type":"WebPage","@id":"https:\/\/insurlab-germany.com\/de\/wertangebot\/venture-clienting\/","url":"https:\/\/insurlab-germany.com\/de\/wertangebot\/venture-clienting\/","name":"Venture Clienting - InsurLab Germany","isPartOf":{"@id":"https:\/\/insurlab-germany.com\/#website"},"datePublished":"2026-01-28T14:00:10+00:00","dateModified":"2026-01-28T14:12:09+00:00","description":"Das InsurLab Germany erm\u00f6glicht Venture Clienting als strategischen Hebel: Strukturiert, kuratiert und kooperationsorientiert.","breadcrumb":{"@id":"https:\/\/insurlab-germany.com\/de\/wertangebot\/venture-clienting\/#breadcrumb"},"inLanguage":"de","potentialAction":[{"@type":"ReadAction","target":["https:\/\/insurlab-germany.com\/de\/wertangebot\/venture-clienting\/"]}]},{"@type":"BreadcrumbList","@id":"https:\/\/insurlab-germany.com\/de\/wertangebot\/venture-clienting\/#breadcrumb","itemListElement":[{"@type":"ListItem","position":1,"name":"Startseite","item":"https:\/\/insurlab-germany.com\/de\/"},{"@type":"ListItem","position":2,"name":"Wertangebot","item":"https:\/\/insurlab-germany.com\/wertangebot\/"},{"@type":"ListItem","position":3,"name":"Venture Clienting"}]},{"@type":"WebSite","@id":"https:\/\/insurlab-germany.com\/#website","url":"https:\/\/insurlab-germany.com\/","name":"InsurLab Germany","description":"Let&#039;s #InnovateInsurance!","publisher":{"@id":"https:\/\/insurlab-germany.com\/#organization"},"potentialAction":[{"@type":"SearchAction","target":{"@type":"EntryPoint","urlTemplate":"https:\/\/insurlab-germany.com\/?s={search_term_string}"},"query-input":{"@type":"PropertyValueSpecification","valueRequired":true,"valueName":"search_term_string"}}],"inLanguage":"de"},{"@type":"Organization","@id":"https:\/\/insurlab-germany.com\/#organization","name":"InsurLab Germany","url":"https:\/\/insurlab-germany.com\/","logo":{"@type":"ImageObject","inLanguage":"de","@id":"https:\/\/insurlab-germany.com\/#\/schema\/logo\/image\/","url":"https:\/\/insurlab-germany.com\/wp-content\/uploads\/2022\/03\/website_logo_ohnelink.png","contentUrl":"https:\/\/insurlab-germany.com\/wp-content\/uploads\/2022\/03\/website_logo_ohnelink.png","width":640,"height":245,"caption":"InsurLab Germany"},"image":{"@id":"https:\/\/insurlab-germany.com\/#\/schema\/logo\/image\/"},"sameAs":["https:\/\/www.facebook.com\/InsurLabGermany\/","https:\/\/x.com\/InsurLabDE","https:\/\/www.instagram.com\/insurlab_germany\/","https:\/\/www.linkedin.com\/company\/insurlab-germany-e-v"]}]}},"_links":{"self":[{"href":"https:\/\/insurlab-germany.com\/de\/wp-json\/wp\/v2\/pages\/26881","targetHints":{"allow":["GET"]}}],"collection":[{"href":"https:\/\/insurlab-germany.com\/de\/wp-json\/wp\/v2\/pages"}],"about":[{"href":"https:\/\/insurlab-germany.com\/de\/wp-json\/wp\/v2\/types\/page"}],"author":[{"embeddable":true,"href":"https:\/\/insurlab-germany.com\/de\/wp-json\/wp\/v2\/users\/7"}],"replies":[{"embeddable":true,"href":"https:\/\/insurlab-germany.com\/de\/wp-json\/wp\/v2\/comments?post=26881"}],"version-history":[{"count":5,"href":"https:\/\/insurlab-germany.com\/de\/wp-json\/wp\/v2\/pages\/26881\/revisions"}],"predecessor-version":[{"id":26894,"href":"https:\/\/insurlab-germany.com\/de\/wp-json\/wp\/v2\/pages\/26881\/revisions\/26894"}],"up":[{"embeddable":true,"href":"https:\/\/insurlab-germany.com\/de\/wp-json\/wp\/v2\/pages\/11832"}],"wp:attachment":[{"href":"https:\/\/insurlab-germany.com\/de\/wp-json\/wp\/v2\/media?parent=26881"}],"curies":[{"name":"wp","href":"https:\/\/api.w.org\/{rel}","templated":true}]}}