{"id":16489,"date":"2022-07-07T13:41:00","date_gmt":"2022-07-07T11:41:00","guid":{"rendered":"https:\/\/www.insurlab.eu\/?page_id=16489"},"modified":"2023-05-25T11:35:08","modified_gmt":"2023-05-25T09:35:08","slug":"infection-control-instructions-for-presence-events-guidelines-on-infection-control-for-presence-events","status":"publish","type":"page","link":"https:\/\/insurlab-germany.com\/en\/hinweise-zum-infektionsschutz-fuer-praesenzveranstaltungen-guidelines-on-infection-control-for-presence-events\/","title":{"rendered":"Hinweise zum Infektionsschutz f\u00fcr Pr\u00e4senzveranstaltungen \/ Guidelines on infection control for presence events"},"content":{"rendered":"<p>[et_pb_section fb_built=&#8221;1&#8243; fullwidth=&#8221;on&#8221; _builder_version=&#8221;4.17.4&#8243; _module_preset=&#8221;e10bf903-6d02-442c-80fc-07620cd52979&#8243; background_image=&#8221;https:\/\/insurlab-germany.com\/wp-content\/uploads\/2022\/07\/hinweise-zum-infektionsschutz.jpg&#8221; background_size=&#8221;custom&#8221; background_image_width=&#8221;57%&#8221; background_position=&#8221;center_right&#8221; global_colors_info=&#8221;{}&#8221;][et_pb_fullwidth_header title=&#8221;Measures for infection control&#8221; _builder_version=&#8221;4.21.0&#8243; _module_preset=&#8221;default&#8221; title_font=&#8221;|600||on|||||&#8221; background_enable_color=&#8221;off&#8221; background_image=&#8221;https:\/\/insurlab-germany.com\/wp-content\/uploads\/2022\/06\/InsurLab-header-layer.png&#8221; hover_enabled=&#8221;0&#8243; global_colors_info=&#8221;{}&#8221; sticky_enabled=&#8221;0&#8243;][\/et_pb_fullwidth_header][\/et_pb_section][et_pb_section fb_built=&#8221;1&#8243; _builder_version=&#8221;4.17.4&#8243; _module_preset=&#8221;default&#8221; min_height=&#8221;698px&#8221; custom_padding=&#8221;||0px|||&#8221; global_colors_info=&#8221;{}&#8221;][et_pb_row _builder_version=&#8221;4.16&#8243; _module_preset=&#8221;default&#8221; locked=&#8221;off&#8221; global_colors_info=&#8221;{}&#8221;][et_pb_column type=&#8221;4_4&#8243; _builder_version=&#8221;4.16&#8243; _module_preset=&#8221;default&#8221; global_colors_info=&#8221;{}&#8221;][et_pb_text _builder_version=&#8221;4.20.2&#8243; _module_preset=&#8221;69b8b9cd-3a3c-4327-b867-c8ccc94aa8cb&#8221; global_colors_info=&#8221;{}&#8221;]<\/p>\n<h2>HINWEISE ZUM INFEKTIONSSCHUTZ F\u00dcR PR\u00c4SENZVERANSTALTUNGEN<\/h2>\n<p>[\/et_pb_text][et_pb_text _builder_version=&#8221;4.20.2&#8243; _module_preset=&#8221;default&#8221; global_colors_info=&#8221;{}&#8221;]<\/p>\n<p>Als InsurLab Germany bieten wir verschiedene Veranstaltungsformate, dazu z\u00e4hlen nat\u00fcrlich auch physische Events. Insbesondere nach den Erfahrungen der COVID-19-Pandemie hat sich das menschliche Miteinander und das gemeinsame Netzwerken als unverzichtbar erwiesen. Wir glauben daran, dass sich Vor-Ort-Events und ein verantwortungsvoller Gesundheitsschutz nicht ausschlie\u00dfen.\u00a0Deshalb m\u00f6chten wir Sie hier \u00fcber unser Infektionsschutzkonzept informieren:<\/p>\n<ul>\n<li>Der <strong>Zugang ist f\u00fcr alle<\/strong> Personen unabh\u00e4ngig vom Impfstatus gegen COVID-19 m\u00f6glich.\u00a0Das <strong>Mitf\u00fchren eines negativen Testnachweises<\/strong> ist ebenfalls <strong>nicht erforderlich<\/strong>.<\/li>\n<li>Zum Schutz aller Teilnehmer:innen appellieren wir an Ihre <strong>Eigenverantwortung. <\/strong>Sollten Sie <strong>COVID-Symptome<\/strong> oder andere <strong>Anzeichen einer Infektionskrankheit<\/strong> aufweisen, m\u00f6chten Sie darum bitten, nach M\u00f6glichkeit der jeweiligen Veranstaltung fernzubleiben.<\/li>\n<\/ul>\n<p><strong>Eine Bitte:<\/strong> Falls Sie sich f\u00fcr unsere Pr\u00e4senzveranstaltung angemeldet haben, aber aus diversen Gr\u00fcnden kurzfristig nicht teilnehmen k\u00f6nnen, bitten wir um eine <strong>zeitnahe Absage<\/strong>. Auf diese Weise k\u00f6nnen wir nachr\u00fcckenden Personen die Teilnahme erm\u00f6glichen und unsere eigene Eventplanung optimieren.<\/p>\n<p>\u00c4nderungen abh\u00e4ngig vom Infektionsgeschehen vorbehalten, dies wird jedoch fr\u00fchzeitig kommuniziert.<\/p>\n<ul>\n<li style=\"list-style-type: none;\">\u00a0<\/li>\n<\/ul>\n<p>[\/et_pb_text][\/et_pb_column][\/et_pb_row][\/et_pb_section]<\/p>\n","protected":false},"excerpt":{"rendered":"<p>HINWEISE ZUM INFEKTIONSSCHUTZ F\u00dcR PR\u00c4SENZVERANSTALTUNGENAls InsurLab Germany bieten wir verschiedene Veranstaltungsformate, dazu z\u00e4hlen nat\u00fcrlich auch physische Events. Insbesondere nach den Erfahrungen der COVID-19-Pandemie hat sich das menschliche Miteinander und das gemeinsame Netzwerken als unverzichtbar erwiesen. Wir glauben daran, dass sich Vor-Ort-Events und ein verantwortungsvoller Gesundheitsschutz nicht ausschlie\u00dfen.\u00a0Deshalb m\u00f6chten wir Sie hier \u00fcber unser Infektionsschutzkonzept informieren: [&hellip;]<\/p>\n","protected":false},"author":7,"featured_media":0,"parent":0,"menu_order":0,"comment_status":"closed","ping_status":"closed","template":"","meta":{"_et_pb_use_builder":"on","_et_pb_old_content":"","_et_gb_content_width":"","content-type":"","footnotes":""},"class_list":["post-16489","page","type-page","status-publish","hentry"],"yoast_head":"<!-- This site is optimized with the Yoast SEO plugin v27.4 - https:\/\/yoast.com\/product\/yoast-seo-wordpress\/ -->\n<title>Hinweise zum Infektionsschutz f\u00fcr Pr\u00e4senzveranstaltungen \/ Guidelines on infection control for presence events - InsurLab Germany<\/title>\n<meta name=\"robots\" content=\"noindex, nofollow\" \/>\n<meta property=\"og:locale\" content=\"en_US\" \/>\n<meta property=\"og:type\" content=\"article\" \/>\n<meta property=\"og:title\" content=\"Hinweise zum Infektionsschutz f\u00fcr Pr\u00e4senzveranstaltungen \/ Guidelines on infection control for presence events - InsurLab Germany\" \/>\n<meta property=\"og:description\" content=\"HINWEISE ZUM INFEKTIONSSCHUTZ F\u00dcR PR\u00c4SENZVERANSTALTUNGENAls InsurLab Germany bieten wir verschiedene Veranstaltungsformate, dazu z\u00e4hlen nat\u00fcrlich auch physische Events. Insbesondere nach den Erfahrungen der COVID-19-Pandemie hat sich das menschliche Miteinander und das gemeinsame Netzwerken als unverzichtbar erwiesen. Wir glauben daran, dass sich Vor-Ort-Events und ein verantwortungsvoller Gesundheitsschutz nicht ausschlie\u00dfen.\u00a0Deshalb m\u00f6chten wir Sie hier \u00fcber unser Infektionsschutzkonzept informieren: [&hellip;]\" \/>\n<meta property=\"og:url\" content=\"https:\/\/insurlab-germany.com\/en\/infection-control-instructions-for-presence-events-guidelines-on-infection-control-for-presence-events\/\" \/>\n<meta property=\"og:site_name\" content=\"InsurLab Germany\" \/>\n<meta property=\"article:publisher\" content=\"https:\/\/www.facebook.com\/InsurLabGermany\/\" \/>\n<meta property=\"article:modified_time\" content=\"2023-05-25T09:35:08+00:00\" \/>\n<meta name=\"twitter:card\" content=\"summary_large_image\" \/>\n<meta name=\"twitter:site\" content=\"@InsurLabDE\" \/>\n<meta name=\"twitter:label1\" content=\"Est. reading time\" \/>\n\t<meta name=\"twitter:data1\" content=\"3 minutes\" \/>\n<script type=\"application\/ld+json\" class=\"yoast-schema-graph\">{\"@context\":\"https:\\\/\\\/schema.org\",\"@graph\":[{\"@type\":\"WebPage\",\"@id\":\"https:\\\/\\\/insurlab-germany.com\\\/de\\\/hinweise-zum-infektionsschutz-fuer-praesenzveranstaltungen-guidelines-on-infection-control-for-presence-events\\\/\",\"url\":\"https:\\\/\\\/insurlab-germany.com\\\/de\\\/hinweise-zum-infektionsschutz-fuer-praesenzveranstaltungen-guidelines-on-infection-control-for-presence-events\\\/\",\"name\":\"Hinweise zum Infektionsschutz f\u00fcr Pr\u00e4senzveranstaltungen \\\/ Guidelines on infection control for presence events - InsurLab Germany\",\"isPartOf\":{\"@id\":\"https:\\\/\\\/insurlab-germany.com\\\/#website\"},\"datePublished\":\"2022-07-07T11:41:00+00:00\",\"dateModified\":\"2023-05-25T09:35:08+00:00\",\"breadcrumb\":{\"@id\":\"https:\\\/\\\/insurlab-germany.com\\\/de\\\/hinweise-zum-infektionsschutz-fuer-praesenzveranstaltungen-guidelines-on-infection-control-for-presence-events\\\/#breadcrumb\"},\"inLanguage\":\"en-US\",\"potentialAction\":[{\"@type\":\"ReadAction\",\"target\":[\"https:\\\/\\\/insurlab-germany.com\\\/de\\\/hinweise-zum-infektionsschutz-fuer-praesenzveranstaltungen-guidelines-on-infection-control-for-presence-events\\\/\"]}]},{\"@type\":\"BreadcrumbList\",\"@id\":\"https:\\\/\\\/insurlab-germany.com\\\/de\\\/hinweise-zum-infektionsschutz-fuer-praesenzveranstaltungen-guidelines-on-infection-control-for-presence-events\\\/#breadcrumb\",\"itemListElement\":[{\"@type\":\"ListItem\",\"position\":1,\"name\":\"Startseite\",\"item\":\"https:\\\/\\\/insurlab-germany.com\\\/de\\\/\"},{\"@type\":\"ListItem\",\"position\":2,\"name\":\"Hinweise zum Infektionsschutz f\u00fcr Pr\u00e4senzveranstaltungen \\\/ Guidelines on infection control for presence events\"}]},{\"@type\":\"WebSite\",\"@id\":\"https:\\\/\\\/insurlab-germany.com\\\/#website\",\"url\":\"https:\\\/\\\/insurlab-germany.com\\\/\",\"name\":\"InsurLab Germany\",\"description\":\"Let&#039;s #InnovateInsurance!\",\"publisher\":{\"@id\":\"https:\\\/\\\/insurlab-germany.com\\\/#organization\"},\"potentialAction\":[{\"@type\":\"SearchAction\",\"target\":{\"@type\":\"EntryPoint\",\"urlTemplate\":\"https:\\\/\\\/insurlab-germany.com\\\/?s={search_term_string}\"},\"query-input\":{\"@type\":\"PropertyValueSpecification\",\"valueRequired\":true,\"valueName\":\"search_term_string\"}}],\"inLanguage\":\"en-US\"},{\"@type\":\"Organization\",\"@id\":\"https:\\\/\\\/insurlab-germany.com\\\/#organization\",\"name\":\"InsurLab Germany\",\"url\":\"https:\\\/\\\/insurlab-germany.com\\\/\",\"logo\":{\"@type\":\"ImageObject\",\"inLanguage\":\"en-US\",\"@id\":\"https:\\\/\\\/insurlab-germany.com\\\/#\\\/schema\\\/logo\\\/image\\\/\",\"url\":\"https:\\\/\\\/insurlab-germany.com\\\/wp-content\\\/uploads\\\/2022\\\/03\\\/website_logo_ohnelink.png\",\"contentUrl\":\"https:\\\/\\\/insurlab-germany.com\\\/wp-content\\\/uploads\\\/2022\\\/03\\\/website_logo_ohnelink.png\",\"width\":640,\"height\":245,\"caption\":\"InsurLab Germany\"},\"image\":{\"@id\":\"https:\\\/\\\/insurlab-germany.com\\\/#\\\/schema\\\/logo\\\/image\\\/\"},\"sameAs\":[\"https:\\\/\\\/www.facebook.com\\\/InsurLabGermany\\\/\",\"https:\\\/\\\/x.com\\\/InsurLabDE\",\"https:\\\/\\\/www.instagram.com\\\/insurlab_germany\\\/\",\"https:\\\/\\\/www.linkedin.com\\\/company\\\/insurlab-germany-e-v\"]}]}<\/script>\n<!-- \/ Yoast SEO plugin. -->","yoast_head_json":{"title":"Hinweise zum Infektionsschutz f\u00fcr Pr\u00e4senzveranstaltungen \/ Guidelines on infection control for presence events - InsurLab Germany","robots":{"index":"noindex","follow":"nofollow"},"og_locale":"en_US","og_type":"article","og_title":"Hinweise zum Infektionsschutz f\u00fcr Pr\u00e4senzveranstaltungen \/ Guidelines on infection control for presence events - InsurLab Germany","og_description":"HINWEISE ZUM INFEKTIONSSCHUTZ F\u00dcR PR\u00c4SENZVERANSTALTUNGENAls InsurLab Germany bieten wir verschiedene Veranstaltungsformate, dazu z\u00e4hlen nat\u00fcrlich auch physische Events. Insbesondere nach den Erfahrungen der COVID-19-Pandemie hat sich das menschliche Miteinander und das gemeinsame Netzwerken als unverzichtbar erwiesen. Wir glauben daran, dass sich Vor-Ort-Events und ein verantwortungsvoller Gesundheitsschutz nicht ausschlie\u00dfen.\u00a0Deshalb m\u00f6chten wir Sie hier \u00fcber unser Infektionsschutzkonzept informieren: [&hellip;]","og_url":"https:\/\/insurlab-germany.com\/en\/infection-control-instructions-for-presence-events-guidelines-on-infection-control-for-presence-events\/","og_site_name":"InsurLab Germany","article_publisher":"https:\/\/www.facebook.com\/InsurLabGermany\/","article_modified_time":"2023-05-25T09:35:08+00:00","twitter_card":"summary_large_image","twitter_site":"@InsurLabDE","twitter_misc":{"Est. reading time":"3 minutes"},"schema":{"@context":"https:\/\/schema.org","@graph":[{"@type":"WebPage","@id":"https:\/\/insurlab-germany.com\/de\/hinweise-zum-infektionsschutz-fuer-praesenzveranstaltungen-guidelines-on-infection-control-for-presence-events\/","url":"https:\/\/insurlab-germany.com\/de\/hinweise-zum-infektionsschutz-fuer-praesenzveranstaltungen-guidelines-on-infection-control-for-presence-events\/","name":"Hinweise zum Infektionsschutz f\u00fcr Pr\u00e4senzveranstaltungen \/ Guidelines on infection control for presence events - InsurLab Germany","isPartOf":{"@id":"https:\/\/insurlab-germany.com\/#website"},"datePublished":"2022-07-07T11:41:00+00:00","dateModified":"2023-05-25T09:35:08+00:00","breadcrumb":{"@id":"https:\/\/insurlab-germany.com\/de\/hinweise-zum-infektionsschutz-fuer-praesenzveranstaltungen-guidelines-on-infection-control-for-presence-events\/#breadcrumb"},"inLanguage":"en-US","potentialAction":[{"@type":"ReadAction","target":["https:\/\/insurlab-germany.com\/de\/hinweise-zum-infektionsschutz-fuer-praesenzveranstaltungen-guidelines-on-infection-control-for-presence-events\/"]}]},{"@type":"BreadcrumbList","@id":"https:\/\/insurlab-germany.com\/de\/hinweise-zum-infektionsschutz-fuer-praesenzveranstaltungen-guidelines-on-infection-control-for-presence-events\/#breadcrumb","itemListElement":[{"@type":"ListItem","position":1,"name":"Startseite","item":"https:\/\/insurlab-germany.com\/de\/"},{"@type":"ListItem","position":2,"name":"Hinweise zum Infektionsschutz f\u00fcr Pr\u00e4senzveranstaltungen \/ Guidelines on infection control for presence events"}]},{"@type":"WebSite","@id":"https:\/\/insurlab-germany.com\/#website","url":"https:\/\/insurlab-germany.com\/","name":"InsurLab Germany","description":"Let's #InnovateInsurance!","publisher":{"@id":"https:\/\/insurlab-germany.com\/#organization"},"potentialAction":[{"@type":"SearchAction","target":{"@type":"EntryPoint","urlTemplate":"https:\/\/insurlab-germany.com\/?s={search_term_string}"},"query-input":{"@type":"PropertyValueSpecification","valueRequired":true,"valueName":"search_term_string"}}],"inLanguage":"en-US"},{"@type":"Organization","@id":"https:\/\/insurlab-germany.com\/#organization","name":"InsurLab Germany","url":"https:\/\/insurlab-germany.com\/","logo":{"@type":"ImageObject","inLanguage":"en-US","@id":"https:\/\/insurlab-germany.com\/#\/schema\/logo\/image\/","url":"https:\/\/insurlab-germany.com\/wp-content\/uploads\/2022\/03\/website_logo_ohnelink.png","contentUrl":"https:\/\/insurlab-germany.com\/wp-content\/uploads\/2022\/03\/website_logo_ohnelink.png","width":640,"height":245,"caption":"InsurLab Germany"},"image":{"@id":"https:\/\/insurlab-germany.com\/#\/schema\/logo\/image\/"},"sameAs":["https:\/\/www.facebook.com\/InsurLabGermany\/","https:\/\/x.com\/InsurLabDE","https:\/\/www.instagram.com\/insurlab_germany\/","https:\/\/www.linkedin.com\/company\/insurlab-germany-e-v"]}]}},"_links":{"self":[{"href":"https:\/\/insurlab-germany.com\/en\/wp-json\/wp\/v2\/pages\/16489","targetHints":{"allow":["GET"]}}],"collection":[{"href":"https:\/\/insurlab-germany.com\/en\/wp-json\/wp\/v2\/pages"}],"about":[{"href":"https:\/\/insurlab-germany.com\/en\/wp-json\/wp\/v2\/types\/page"}],"author":[{"embeddable":true,"href":"https:\/\/insurlab-germany.com\/en\/wp-json\/wp\/v2\/users\/7"}],"replies":[{"embeddable":true,"href":"https:\/\/insurlab-germany.com\/en\/wp-json\/wp\/v2\/comments?post=16489"}],"version-history":[{"count":7,"href":"https:\/\/insurlab-germany.com\/en\/wp-json\/wp\/v2\/pages\/16489\/revisions"}],"predecessor-version":[{"id":20772,"href":"https:\/\/insurlab-germany.com\/en\/wp-json\/wp\/v2\/pages\/16489\/revisions\/20772"}],"wp:attachment":[{"href":"https:\/\/insurlab-germany.com\/en\/wp-json\/wp\/v2\/media?parent=16489"}],"curies":[{"name":"wp","href":"https:\/\/api.w.org\/{rel}","templated":true}]}}