{"id":24734,"date":"2025-03-11T14:19:59","date_gmt":"2025-03-11T13:19:59","guid":{"rendered":"https:\/\/insurlab-germany.com\/?page_id=24734"},"modified":"2026-02-04T07:58:31","modified_gmt":"2026-02-04T06:58:31","slug":"value-proposition-network-synergies","status":"publish","type":"page","link":"https:\/\/insurlab-germany.com\/en\/wertangebot-netzwerk-synergien\/","title":{"rendered":"Value proposition: Network &amp; synergies"},"content":{"rendered":"<p>[et_pb_section fb_built=&#8221;1&#8243; _builder_version=&#8221;4.27.4&#8243; _module_preset=&#8221;default&#8221; global_colors_info=&#8221;{}&#8221;][et_pb_row column_structure=&#8221;1_2,1_2&#8243; disabled_on=&#8221;on|off|off&#8221; _builder_version=&#8221;4.27.4&#8243; _module_preset=&#8221;default&#8221; use_background_color_gradient=&#8221;on&#8221; background_color_gradient_direction=&#8221;105deg&#8221; background_color_gradient_stops=&#8221;rgba(255,255,255,0) 0%|rgba(255,255,255,0) 50%|#02575e 50%|#02575e 100%&#8221; background_color_gradient_overlays_image=&#8221;on&#8221; background_image=&#8221;https:\/\/insurlab-germany.com\/wp-content\/uploads\/2025\/03\/Netzwerk.jpg&#8221; background_size=&#8221;contain&#8221; background_position=&#8221;bottom_left&#8221; global_colors_info=&#8221;{}&#8221;][et_pb_column type=&#8221;1_2&#8243; _builder_version=&#8221;4.27.4&#8243; _module_preset=&#8221;default&#8221; global_colors_info=&#8221;{}&#8221;][\/et_pb_column][et_pb_column type=&#8221;1_2&#8243; _builder_version=&#8221;4.27.4&#8243; _module_preset=&#8221;default&#8221; global_colors_info=&#8221;{}&#8221;][et_pb_text _builder_version=&#8221;4.27.4&#8243; _module_preset=&#8221;default&#8221; text_font=&#8221;|300|||||||&#8221; text_text_color=&#8221;#FFFFFF&#8221; text_font_size=&#8221;26px&#8221; text_line_height=&#8221;1.3em&#8221; header_font=&#8221;|600|||||||&#8221; header_text_color=&#8221;#FFFFFF&#8221; header_line_height=&#8221;1.1em&#8221; background_image=&#8221;https:\/\/insurlab-germany.com\/wp-content\/uploads\/2025\/02\/2025-frontpage-box-bg.png&#8221; background_position=&#8221;center_right&#8221; custom_margin=&#8221;-26px||-26px||true|false&#8221; custom_padding=&#8221;20vh||20vh|2vh|true|false&#8221; global_colors_info=&#8221;{}&#8221;]<\/p>\n<h1>Vernetzung, Synergien<br \/>und Collaboration<br \/>f\u00f6rdern<\/h1>\n<p>[\/et_pb_text][\/et_pb_column][\/et_pb_row][et_pb_row column_structure=&#8221;1_2,1_2&#8243; disabled_on=&#8221;off|on|on&#8221; _builder_version=&#8221;4.27.4&#8243; _module_preset=&#8221;default&#8221; background_color=&#8221;#02575e&#8221; background_image=&#8221;https:\/\/insurlab-germany.com\/wp-content\/uploads\/2025\/03\/Netzwerk.jpg&#8221; background_position=&#8221;center_left&#8221; custom_margin=&#8221;0px||0px||true|false&#8221; custom_padding=&#8221;0vh||0vh||true|false&#8221; global_colors_info=&#8221;{}&#8221;][et_pb_column type=&#8221;1_2&#8243; _builder_version=&#8221;4.27.4&#8243; _module_preset=&#8221;default&#8221; global_colors_info=&#8221;{}&#8221;][\/et_pb_column][et_pb_column type=&#8221;1_2&#8243; _builder_version=&#8221;4.27.4&#8243; _module_preset=&#8221;default&#8221; global_colors_info=&#8221;{}&#8221;][et_pb_image src=&#8221;https:\/\/insurlab-germany.com\/wp-content\/uploads\/2025\/02\/2025-frontpage-box-bg.png&#8221; title_text=&#8221;2025-frontpage-box-bg&#8221; _builder_version=&#8221;4.27.4&#8243; _module_preset=&#8221;default&#8221; custom_margin=&#8221;||||false|false&#8221; custom_padding=&#8221;0vh||||false|false&#8221; global_colors_info=&#8221;{}&#8221;][\/et_pb_image][\/et_pb_column][\/et_pb_row][et_pb_row _builder_version=&#8221;4.27.4&#8243; _module_preset=&#8221;default&#8221; background_color=&#8221;rgba(37,181,190,0.3)&#8221; global_colors_info=&#8221;{}&#8221;][et_pb_column type=&#8221;4_4&#8243; _builder_version=&#8221;4.27.4&#8243; _module_preset=&#8221;default&#8221; global_colors_info=&#8221;{}&#8221;][et_pb_text _builder_version=&#8221;4.27.4&#8243; _module_preset=&#8221;69b8b9cd-3a3c-4327-b867-c8ccc94aa8cb&#8221; header_font=&#8221;|700||on|||||&#8221; header_2_font=&#8221;|700||on|||||&#8221; custom_margin=&#8221;2vh|5vh||5vh|false|true&#8221; header_2_font_size_tablet=&#8221;&#8221; header_2_font_size_phone=&#8221;20px&#8221; header_2_font_size_last_edited=&#8221;on|phone&#8221; global_colors_info=&#8221;{}&#8221;]<\/p>\n<h2>VERNETZUNG, SYNERGIEN UND COLLABORATION F\u00d6RDERN<\/h2>\n<p>[\/et_pb_text][et_pb_text _builder_version=&#8221;4.27.5&#8243; _module_preset=&#8221;default&#8221; header_2_font=&#8221;|||on|||||&#8221; header_2_text_color=&#8221;#02575e&#8221; custom_margin=&#8221;|5vh||5vh|false|true&#8221; hover_enabled=&#8221;0&#8243; global_colors_info=&#8221;{}&#8221; sticky_enabled=&#8221;0&#8243;]<\/p>\n<p>Wir bringen die richtigen Akteure zusammen, damit Transformationsvorhaben beschleunigt, Synergien erschlossen und Kooperationen gezielt in Anwendung und wirksame Skalierung \u00fcberf\u00fchrt werden k\u00f6nnen.<\/p>\n<p>[\/et_pb_text][\/et_pb_column][\/et_pb_row][\/et_pb_section][et_pb_section fb_built=&#8221;1&#8243; _builder_version=&#8221;4.27.4&#8243; _module_preset=&#8221;default&#8221; global_colors_info=&#8221;{}&#8221;][et_pb_row _builder_version=&#8221;4.27.4&#8243; _module_preset=&#8221;default&#8221; custom_padding=&#8221;0px||||false|false&#8221; locked=&#8221;off&#8221; global_colors_info=&#8221;{}&#8221;][et_pb_column type=&#8221;4_4&#8243; _builder_version=&#8221;4.27.4&#8243; _module_preset=&#8221;default&#8221; global_colors_info=&#8221;{}&#8221;][et_pb_text _builder_version=&#8221;4.27.4&#8243; _module_preset=&#8221;default&#8221; global_colors_info=&#8221;{}&#8221;]<\/p>\n<h3><span style=\"color: #01575e;\">BAUSTEINE, MIT DENEN WIR DIESES WERTANGEBOT UNTERST\u00dcTZEN:<\/span><\/h3>\n<p>[\/et_pb_text][\/et_pb_column][\/et_pb_row][et_pb_row column_structure=&#8221;1_3,1_3,1_3&#8243; use_custom_gutter=&#8221;on&#8221; gutter_width=&#8221;2&#8243; _builder_version=&#8221;4.27.5&#8243; _module_preset=&#8221;default&#8221; global_colors_info=&#8221;{}&#8221;][et_pb_column type=&#8221;1_3&#8243; _builder_version=&#8221;4.27.4&#8243; _dynamic_attributes=&#8221;link_option_url&#8221; _module_preset=&#8221;default&#8221; link_option_url=&#8221;@ET-DC@eyJkeW5hbWljIjp0cnVlLCJjb250ZW50IjoicG9zdF9saW5rX3VybF9wYWdlIiwic2V0dGluZ3MiOnsicG9zdF9pZCI6IjI2MDc1In19@&#8221; global_colors_info=&#8221;{}&#8221;][et_pb_blurb title=&#8221;Peer Meetups&#8221; url=&#8221;@ET-DC@eyJkeW5hbWljIjp0cnVlLCJjb250ZW50IjoicG9zdF9saW5rX3VybF9wYWdlIiwic2V0dGluZ3MiOnsicG9zdF9pZCI6IjI2MDc1In19@&#8221; image_icon_width=&#8221;40px&#8221; icon_alignment=&#8221;left&#8221; _builder_version=&#8221;4.27.4&#8243; _dynamic_attributes=&#8221;url&#8221; _module_preset=&#8221;default&#8221; header_font=&#8221;|600||on|||||&#8221; header_text_color=&#8221;#02575e&#8221; header_font_size=&#8221;14px&#8221; background_image=&#8221;https:\/\/insurlab-germany.com\/wp-content\/uploads\/2025\/02\/2025-frontpage-box-bg.png&#8221; background_size=&#8221;contain&#8221; background_position=&#8221;center_right&#8221; custom_margin=&#8221;||||false|false&#8221; custom_padding=&#8221;6vh|5vh|6vh|3vh|true|false&#8221; border_width_all=&#8221;1px&#8221; border_color_all=&#8221;#25b5be&#8221; box_shadow_style=&#8221;preset2&#8243; global_colors_info=&#8221;{}&#8221;]<\/p>\n<p>Dialogr\u00e4ume f\u00fcr C-Level, F1, Vorstands-assistenz, F1 und Multiplikator:innen<\/p>\n<p>[\/et_pb_blurb][\/et_pb_column][et_pb_column type=&#8221;1_3&#8243; _builder_version=&#8221;4.27.5&#8243; _dynamic_attributes=&#8221;link_option_url&#8221; _module_preset=&#8221;default&#8221; link_option_url=&#8221;@ET-DC@eyJkeW5hbWljIjp0cnVlLCJjb250ZW50IjoicG9zdF9saW5rX3VybF9wYWdlIiwic2V0dGluZ3MiOnsicG9zdF9pZCI6IjI2ODgxIn19@&#8221; global_colors_info=&#8221;{}&#8221;][et_pb_blurb title=&#8221;Venture Clienting&#8221; url=&#8221;@ET-DC@eyJkeW5hbWljIjp0cnVlLCJjb250ZW50IjoicG9zdF9saW5rX3VybF9wYWdlIiwic2V0dGluZ3MiOnsicG9zdF9pZCI6IjI2ODgxIn19@&#8221; image_icon_width=&#8221;40px&#8221; icon_alignment=&#8221;left&#8221; _builder_version=&#8221;4.27.5&#8243; _dynamic_attributes=&#8221;url&#8221; _module_preset=&#8221;default&#8221; header_font=&#8221;|600||on|||||&#8221; header_text_color=&#8221;#02575e&#8221; header_font_size=&#8221;14px&#8221; background_image=&#8221;https:\/\/insurlab-germany.com\/wp-content\/uploads\/2025\/02\/2025-frontpage-box-bg.png&#8221; background_size=&#8221;contain&#8221; background_position=&#8221;center_right&#8221; custom_margin=&#8221;||||false|false&#8221; custom_padding=&#8221;6vh|5vh|6vh|3vh|true|false&#8221; border_width_all=&#8221;1px&#8221; border_color_all=&#8221;#25b5be&#8221; box_shadow_style=&#8221;preset2&#8243; global_colors_info=&#8221;{}&#8221;]<\/p>\n<p>Orientierung, Zugang und Handlungssicherheit f\u00fcr Kooperationen<\/p>\n<p>[\/et_pb_blurb][\/et_pb_column][et_pb_column type=&#8221;1_3&#8243; _builder_version=&#8221;4.27.4&#8243; _dynamic_attributes=&#8221;link_option_url&#8221; _module_preset=&#8221;default&#8221; link_option_url=&#8221;@ET-DC@eyJkeW5hbWljIjp0cnVlLCJjb250ZW50IjoicG9zdF9saW5rX3VybF9wYWdlIiwic2V0dGluZ3MiOnsicG9zdF9pZCI6IjE1OTMwIn19@&#8221; global_colors_info=&#8221;{}&#8221;][\/et_pb_column][\/et_pb_row][et_pb_row column_structure=&#8221;1_3,1_3,1_3&#8243; use_custom_gutter=&#8221;on&#8221; gutter_width=&#8221;2&#8243; _builder_version=&#8221;4.27.4&#8243; _module_preset=&#8221;default&#8221; global_colors_info=&#8221;{}&#8221;][et_pb_column type=&#8221;1_3&#8243; _builder_version=&#8221;4.27.4&#8243; _dynamic_attributes=&#8221;link_option_url&#8221; _module_preset=&#8221;default&#8221; link_option_url=&#8221;@ET-DC@eyJkeW5hbWljIjp0cnVlLCJjb250ZW50IjoicG9zdF9saW5rX3VybF9wYWdlIiwic2V0dGluZ3MiOnsicG9zdF9pZCI6IjE2MjM2In19@&#8221; global_colors_info=&#8221;{}&#8221;][\/et_pb_column][et_pb_column type=&#8221;1_3&#8243; _builder_version=&#8221;4.27.4&#8243; _dynamic_attributes=&#8221;link_option_url&#8221; _module_preset=&#8221;default&#8221; link_option_url=&#8221;@ET-DC@eyJkeW5hbWljIjp0cnVlLCJjb250ZW50IjoicG9zdF9saW5rX3VybF9wYWdlIiwic2V0dGluZ3MiOnsicG9zdF9pZCI6IjE1OTMwIn19@&#8221; global_colors_info=&#8221;{}&#8221;][\/et_pb_column][et_pb_column type=&#8221;1_3&#8243; _builder_version=&#8221;4.27.4&#8243; _module_preset=&#8221;default&#8221; global_colors_info=&#8221;{}&#8221;][\/et_pb_column][\/et_pb_row][\/et_pb_section]<\/p>\n","protected":false},"excerpt":{"rendered":"<p>Vernetzung, Synergienund Collaborationf\u00f6rdernVERNETZUNG, SYNERGIEN UND COLLABORATION F\u00d6RDERNWir bringen die richtigen Akteure zusammen, damit Transformationsvorhaben beschleunigt, Synergien erschlossen und Kooperationen gezielt in Anwendung und wirksame Skalierung \u00fcberf\u00fchrt werden k\u00f6nnen.BAUSTEINE, MIT DENEN WIR DIESES WERTANGEBOT UNTERST\u00dcTZEN:Dialogr\u00e4ume f\u00fcr C-Level, F1, Vorstands-assistenz, F1 und Multiplikator:innenOrientierung, Zugang und Handlungssicherheit f\u00fcr Kooperationen<\/p>","protected":false},"author":1,"featured_media":0,"parent":0,"menu_order":0,"comment_status":"closed","ping_status":"closed","template":"","meta":{"_et_pb_use_builder":"on","_et_pb_old_content":"","_et_gb_content_width":"","content-type":"","footnotes":""},"class_list":["post-24734","page","type-page","status-publish","hentry"],"yoast_head":"<!-- This site is optimized with the Yoast SEO plugin v27.4 - https:\/\/yoast.com\/product\/yoast-seo-wordpress\/ -->\n<title>Wertangebot: Netzwerk &amp; Synergien - InsurLab Germany<\/title>\n<meta name=\"robots\" content=\"index, follow, max-snippet:-1, max-image-preview:large, max-video-preview:-1\" \/>\n<link rel=\"canonical\" href=\"https:\/\/insurlab-germany.com\/en\/value-proposition-network-synergies\/\" \/>\n<meta property=\"og:locale\" content=\"en_US\" \/>\n<meta property=\"og:type\" content=\"article\" \/>\n<meta property=\"og:title\" content=\"Wertangebot: Netzwerk &amp; Synergien - InsurLab Germany\" \/>\n<meta property=\"og:description\" content=\"Vernetzung, Synergienund Collaborationf\u00f6rdernVERNETZUNG, SYNERGIEN UND COLLABORATION F\u00d6RDERNWir bringen die richtigen Akteure zusammen, damit Transformationsvorhaben beschleunigt, Synergien erschlossen und Kooperationen gezielt in Anwendung und wirksame Skalierung \u00fcberf\u00fchrt werden k\u00f6nnen.BAUSTEINE, MIT DENEN WIR DIESES WERTANGEBOT UNTERST\u00dcTZEN:Dialogr\u00e4ume f\u00fcr C-Level, F1, Vorstands-assistenz, F1 und Multiplikator:innenOrientierung, Zugang und Handlungssicherheit f\u00fcr Kooperationen\" \/>\n<meta property=\"og:url\" content=\"https:\/\/insurlab-germany.com\/en\/value-proposition-network-synergies\/\" \/>\n<meta property=\"og:site_name\" content=\"InsurLab Germany\" \/>\n<meta property=\"article:publisher\" content=\"https:\/\/www.facebook.com\/InsurLabGermany\/\" \/>\n<meta property=\"article:modified_time\" content=\"2026-02-04T06:58:31+00:00\" \/>\n<meta name=\"twitter:card\" content=\"summary_large_image\" \/>\n<meta name=\"twitter:site\" content=\"@InsurLabDE\" \/>\n<meta name=\"twitter:label1\" content=\"Est. reading time\" \/>\n\t<meta name=\"twitter:data1\" content=\"1 minute\" \/>\n<script type=\"application\/ld+json\" class=\"yoast-schema-graph\">{\"@context\":\"https:\\\/\\\/schema.org\",\"@graph\":[{\"@type\":\"WebPage\",\"@id\":\"https:\\\/\\\/insurlab-germany.com\\\/de\\\/wertangebot-netzwerk-synergien\\\/\",\"url\":\"https:\\\/\\\/insurlab-germany.com\\\/de\\\/wertangebot-netzwerk-synergien\\\/\",\"name\":\"Wertangebot: Netzwerk & Synergien - InsurLab Germany\",\"isPartOf\":{\"@id\":\"https:\\\/\\\/insurlab-germany.com\\\/#website\"},\"datePublished\":\"2025-03-11T13:19:59+00:00\",\"dateModified\":\"2026-02-04T06:58:31+00:00\",\"breadcrumb\":{\"@id\":\"https:\\\/\\\/insurlab-germany.com\\\/de\\\/wertangebot-netzwerk-synergien\\\/#breadcrumb\"},\"inLanguage\":\"en-US\",\"potentialAction\":[{\"@type\":\"ReadAction\",\"target\":[\"https:\\\/\\\/insurlab-germany.com\\\/de\\\/wertangebot-netzwerk-synergien\\\/\"]}]},{\"@type\":\"BreadcrumbList\",\"@id\":\"https:\\\/\\\/insurlab-germany.com\\\/de\\\/wertangebot-netzwerk-synergien\\\/#breadcrumb\",\"itemListElement\":[{\"@type\":\"ListItem\",\"position\":1,\"name\":\"Startseite\",\"item\":\"https:\\\/\\\/insurlab-germany.com\\\/de\\\/\"},{\"@type\":\"ListItem\",\"position\":2,\"name\":\"Wertangebot: Netzwerk &#038; Synergien\"}]},{\"@type\":\"WebSite\",\"@id\":\"https:\\\/\\\/insurlab-germany.com\\\/#website\",\"url\":\"https:\\\/\\\/insurlab-germany.com\\\/\",\"name\":\"InsurLab Germany\",\"description\":\"Let&#039;s #InnovateInsurance!\",\"publisher\":{\"@id\":\"https:\\\/\\\/insurlab-germany.com\\\/#organization\"},\"potentialAction\":[{\"@type\":\"SearchAction\",\"target\":{\"@type\":\"EntryPoint\",\"urlTemplate\":\"https:\\\/\\\/insurlab-germany.com\\\/?s={search_term_string}\"},\"query-input\":{\"@type\":\"PropertyValueSpecification\",\"valueRequired\":true,\"valueName\":\"search_term_string\"}}],\"inLanguage\":\"en-US\"},{\"@type\":\"Organization\",\"@id\":\"https:\\\/\\\/insurlab-germany.com\\\/#organization\",\"name\":\"InsurLab Germany\",\"url\":\"https:\\\/\\\/insurlab-germany.com\\\/\",\"logo\":{\"@type\":\"ImageObject\",\"inLanguage\":\"en-US\",\"@id\":\"https:\\\/\\\/insurlab-germany.com\\\/#\\\/schema\\\/logo\\\/image\\\/\",\"url\":\"https:\\\/\\\/insurlab-germany.com\\\/wp-content\\\/uploads\\\/2022\\\/03\\\/website_logo_ohnelink.png\",\"contentUrl\":\"https:\\\/\\\/insurlab-germany.com\\\/wp-content\\\/uploads\\\/2022\\\/03\\\/website_logo_ohnelink.png\",\"width\":640,\"height\":245,\"caption\":\"InsurLab Germany\"},\"image\":{\"@id\":\"https:\\\/\\\/insurlab-germany.com\\\/#\\\/schema\\\/logo\\\/image\\\/\"},\"sameAs\":[\"https:\\\/\\\/www.facebook.com\\\/InsurLabGermany\\\/\",\"https:\\\/\\\/x.com\\\/InsurLabDE\",\"https:\\\/\\\/www.instagram.com\\\/insurlab_germany\\\/\",\"https:\\\/\\\/www.linkedin.com\\\/company\\\/insurlab-germany-e-v\"]}]}<\/script>\n<!-- \/ Yoast SEO plugin. -->","yoast_head_json":{"title":"Value proposition: Network &amp; synergies - InsurLab Germany","robots":{"index":"index","follow":"follow","max-snippet":"max-snippet:-1","max-image-preview":"max-image-preview:large","max-video-preview":"max-video-preview:-1"},"canonical":"https:\/\/insurlab-germany.com\/en\/value-proposition-network-synergies\/","og_locale":"en_US","og_type":"article","og_title":"Wertangebot: Netzwerk & Synergien - InsurLab Germany","og_description":"Vernetzung, Synergienund Collaborationf\u00f6rdernVERNETZUNG, SYNERGIEN UND COLLABORATION F\u00d6RDERNWir bringen die richtigen Akteure zusammen, damit Transformationsvorhaben beschleunigt, Synergien erschlossen und Kooperationen gezielt in Anwendung und wirksame Skalierung \u00fcberf\u00fchrt werden k\u00f6nnen.BAUSTEINE, MIT DENEN WIR DIESES WERTANGEBOT UNTERST\u00dcTZEN:Dialogr\u00e4ume f\u00fcr C-Level, F1, Vorstands-assistenz, F1 und Multiplikator:innenOrientierung, Zugang und Handlungssicherheit f\u00fcr Kooperationen","og_url":"https:\/\/insurlab-germany.com\/en\/value-proposition-network-synergies\/","og_site_name":"InsurLab Germany","article_publisher":"https:\/\/www.facebook.com\/InsurLabGermany\/","article_modified_time":"2026-02-04T06:58:31+00:00","twitter_card":"summary_large_image","twitter_site":"@InsurLabDE","twitter_misc":{"Est. reading time":"1 minute"},"schema":{"@context":"https:\/\/schema.org","@graph":[{"@type":"WebPage","@id":"https:\/\/insurlab-germany.com\/de\/wertangebot-netzwerk-synergien\/","url":"https:\/\/insurlab-germany.com\/de\/wertangebot-netzwerk-synergien\/","name":"Value proposition: Network &amp; synergies - InsurLab Germany","isPartOf":{"@id":"https:\/\/insurlab-germany.com\/#website"},"datePublished":"2025-03-11T13:19:59+00:00","dateModified":"2026-02-04T06:58:31+00:00","breadcrumb":{"@id":"https:\/\/insurlab-germany.com\/de\/wertangebot-netzwerk-synergien\/#breadcrumb"},"inLanguage":"en-US","potentialAction":[{"@type":"ReadAction","target":["https:\/\/insurlab-germany.com\/de\/wertangebot-netzwerk-synergien\/"]}]},{"@type":"BreadcrumbList","@id":"https:\/\/insurlab-germany.com\/de\/wertangebot-netzwerk-synergien\/#breadcrumb","itemListElement":[{"@type":"ListItem","position":1,"name":"Startseite","item":"https:\/\/insurlab-germany.com\/de\/"},{"@type":"ListItem","position":2,"name":"Wertangebot: Netzwerk &#038; Synergien"}]},{"@type":"WebSite","@id":"https:\/\/insurlab-germany.com\/#website","url":"https:\/\/insurlab-germany.com\/","name":"InsurLab Germany","description":"Let's #InnovateInsurance!","publisher":{"@id":"https:\/\/insurlab-germany.com\/#organization"},"potentialAction":[{"@type":"SearchAction","target":{"@type":"EntryPoint","urlTemplate":"https:\/\/insurlab-germany.com\/?s={search_term_string}"},"query-input":{"@type":"PropertyValueSpecification","valueRequired":true,"valueName":"search_term_string"}}],"inLanguage":"en-US"},{"@type":"Organization","@id":"https:\/\/insurlab-germany.com\/#organization","name":"InsurLab Germany","url":"https:\/\/insurlab-germany.com\/","logo":{"@type":"ImageObject","inLanguage":"en-US","@id":"https:\/\/insurlab-germany.com\/#\/schema\/logo\/image\/","url":"https:\/\/insurlab-germany.com\/wp-content\/uploads\/2022\/03\/website_logo_ohnelink.png","contentUrl":"https:\/\/insurlab-germany.com\/wp-content\/uploads\/2022\/03\/website_logo_ohnelink.png","width":640,"height":245,"caption":"InsurLab Germany"},"image":{"@id":"https:\/\/insurlab-germany.com\/#\/schema\/logo\/image\/"},"sameAs":["https:\/\/www.facebook.com\/InsurLabGermany\/","https:\/\/x.com\/InsurLabDE","https:\/\/www.instagram.com\/insurlab_germany\/","https:\/\/www.linkedin.com\/company\/insurlab-germany-e-v"]}]}},"_links":{"self":[{"href":"https:\/\/insurlab-germany.com\/en\/wp-json\/wp\/v2\/pages\/24734","targetHints":{"allow":["GET"]}}],"collection":[{"href":"https:\/\/insurlab-germany.com\/en\/wp-json\/wp\/v2\/pages"}],"about":[{"href":"https:\/\/insurlab-germany.com\/en\/wp-json\/wp\/v2\/types\/page"}],"author":[{"embeddable":true,"href":"https:\/\/insurlab-germany.com\/en\/wp-json\/wp\/v2\/users\/1"}],"replies":[{"embeddable":true,"href":"https:\/\/insurlab-germany.com\/en\/wp-json\/wp\/v2\/comments?post=24734"}],"version-history":[{"count":18,"href":"https:\/\/insurlab-germany.com\/en\/wp-json\/wp\/v2\/pages\/24734\/revisions"}],"predecessor-version":[{"id":26950,"href":"https:\/\/insurlab-germany.com\/en\/wp-json\/wp\/v2\/pages\/24734\/revisions\/26950"}],"wp:attachment":[{"href":"https:\/\/insurlab-germany.com\/en\/wp-json\/wp\/v2\/media?parent=24734"}],"curies":[{"name":"wp","href":"https:\/\/api.w.org\/{rel}","templated":true}]}}